{"id":326630,"date":"2024-11-18T17:30:21","date_gmt":"2024-11-18T17:30:21","guid":{"rendered":"https:\/\/jumandeadsea.com\/product\/lotion-hydratante-et-epaississante-pour-barbe-et-moustaches-avec-mineraux-de-la-mer-morte-menthe-fraiche-et-pomme-verte\/"},"modified":"2024-11-18T17:30:21","modified_gmt":"2024-11-18T17:30:21","slug":"lotion-hydratante-et-epaississante-pour-barbe-et-moustaches-avec-mineraux-de-la-mer-morte-menthe-fraiche-et-pomme-verte","status":"publish","type":"product","link":"https:\/\/jumandeadsea.com\/fr\/produit\/lotion-hydratante-et-epaississante-pour-barbe-et-moustaches-avec-mineraux-de-la-mer-morte-menthe-fraiche-et-pomme-verte\/","title":{"rendered":"Lotion Hydratante Et \u00c9paississante Pour Barbe Et Moustaches Avec Min\u00c9raux De La Mer Morte (menthe Fra\u00ceche Et Pomme Verte)"},"content":{"rendered":"\n    <div class=\"shortcode-accordion\">\n        <h3 class=\"accordion-header\">Ingr\u00e9dients<\/h3>\n        <div class=\"accordion-content\" style=\"display: none;\">\n            \n<p>Butyrospermum Parkii (beurre de karit\u00e9), Theobroma Cacao (beurre de cacao), Prunus Amygdalus Dulcis (huile d&rsquo;amande douce), Argania Spinosa (huile de noyau d&rsquo;argan), acide hyaluronique, Maris Sal (sel de la mer Morte).<\/p>\n<ul>\n<li><strong><em>Beurre de karit\u00e9 : <\/em><\/strong>il apaise les irritations, hydrate le visage et adoucit les cheveux.<\/li>\n<li><strong><em>Beurre de cacao :<\/em><\/strong> hydrate la peau, favorise sa sant\u00e9 et soulage les irritations, les d\u00e9mangeaisons et les rougeurs.<\/li>\n<li><strong><em>Huile d&rsquo;amande douce :<\/em><\/strong> L&rsquo;huile d&rsquo;amande douce est facile \u00e0 absorber par les follicules pileux et \u00e0 \u00e9taler. Elle stimule \u00e9galement la croissance des cheveux et les hydrate, soulage et r\u00e9duit les infections cutan\u00e9es. <\/li>\n<li><strong><em>Huile d&rsquo;argan :<\/em><\/strong> Elle soulage les d\u00e9mangeaisons et la s\u00e9cheresse, hydrate la peau, stimule la croissance et l&rsquo;\u00e9paississement des poils de la barbe et de la moustache et r\u00e9duit les pellicules.<\/li>\n<li><strong><em>Acide hyaluronique :<\/em><\/strong> soulage les d\u00e9mangeaisons caus\u00e9es par une peau s\u00e8che et irrit\u00e9e, aide \u00e0 restaurer l&rsquo;hydratation de la peau, am\u00e9liore la fra\u00eecheur et la jeunesse de la peau, r\u00e9duit l&rsquo;apparence des rides et am\u00e9liore la texture de la peau.<\/li>\n<li><strong><em>Sels de la Mer Morte :<\/em><\/strong> hydratent la peau et r\u00e9duisent l&rsquo;inflammation.<\/li>\n<\/ul>\n<p>\n        <\/div>\n    <\/div><br \/>\n\n    <div class=\"shortcode-accordion\">\n        <h3 class=\"accordion-header\">Mode d&#039;emploi :<\/h3>\n        <div class=\"accordion-content\" style=\"display: none;\">\n            <\/p>\n<p>Appliquez sur votre barbe et vos moustaches et brossez-les \u00e0 l&rsquo;aide d&rsquo;un peigne.<\/p>\n<p>\n        <\/div>\n    <\/div><br \/>\n\n    <div class=\"shortcode-accordion\">\n        <h3 class=\"accordion-header\">Informations sur le produit<\/h3>\n        <div class=\"accordion-content\" style=\"display: none;\">\n            <\/p>\n<p>&#8211; Poids : 125ml<\/p>\n<p>\n        <\/div>\n    <\/div><\/p>\n","protected":false},"excerpt":{"rendered":"<p>Augmentez l&rsquo;\u00e9clat, le volume et la douceur de votre barbe et de vos moustaches en utilisant notre lotion non grasse. Elle est infus\u00e9e d&rsquo;huiles essentielles pour aider \u00e0 maintenir une barbe et des moustaches saines, augmenter l&rsquo;\u00e9paisseur, se d\u00e9barrasser des pointes fourchues, adoucir les poils de barbe et leur donner un aspect soign\u00e9 et brillant. <\/p>\n<ul>\n<li>MENTHE FRA\u00ceCHE ET POMME VERTE<\/li>\n<li>POUR UNE BARBE ET DES MOUSTACHES BRILLANTES ET SOUPLES<\/li>\n<li>INFUS\u00c9 D&rsquo;ACIDE HYALURONIQUE<\/li>\n<\/ul>\n","protected":false},"featured_media":2029,"comment_status":"open","ping_status":"closed","template":"","meta":{"_et_pb_use_builder":"","_et_pb_old_content":"","_et_gb_content_width":""},"product_brand":[],"product_cat":[103],"product_tag":[],"class_list":{"0":"post-326630","1":"product","2":"type-product","3":"status-publish","4":"has-post-thumbnail","6":"product_cat-soins-pour-hommes","8":"first","9":"instock","10":"shipping-taxable","11":"purchasable","12":"product-type-simple"},"yoast_head":"<!-- This site is optimized with the Yoast SEO plugin v27.3 - https:\/\/yoast.com\/product\/yoast-seo-wordpress\/ -->\n<title>LOTION HYDRATANTE ET \u00c9PAISSISSANTE POUR BARBE ET MOUSTACHES AVEC MIN\u00c9RAUX DE LA MER MORTE (MENTHE FRA\u00ceCHE ET POMME VERTE) - Juman Dead Sea<\/title>\n<meta name=\"robots\" content=\"index, follow, max-snippet:-1, max-image-preview:large, max-video-preview:-1\" \/>\n<link rel=\"canonical\" href=\"https:\/\/jumandeadsea.com\/fr\/produit\/lotion-hydratante-et-epaississante-pour-barbe-et-moustaches-avec-mineraux-de-la-mer-morte-menthe-fraiche-et-pomme-verte\/\" \/>\n<meta property=\"og:locale\" content=\"fr_FR\" \/>\n<meta property=\"og:type\" content=\"article\" \/>\n<meta property=\"og:title\" content=\"LOTION HYDRATANTE ET \u00c9PAISSISSANTE POUR BARBE ET MOUSTACHES AVEC MIN\u00c9RAUX DE LA MER MORTE (MENTHE FRA\u00ceCHE ET POMME VERTE) - Juman Dead Sea\" \/>\n<meta property=\"og:description\" content=\"Augmentez l&#039;\u00e9clat, le volume et la douceur de votre barbe et de vos moustaches en utilisant notre lotion non grasse. Elle est infus\u00e9e d&#039;huiles essentielles pour aider \u00e0 maintenir une barbe et des moustaches saines, augmenter l&#039;\u00e9paisseur, se d\u00e9barrasser des pointes fourchues, adoucir les poils de barbe et leur donner un aspect soign\u00e9 et brillant.   MENTHE FRA\u00ceCHE ET POMME VERTE  POUR UNE BARBE ET DES MOUSTACHES BRILLANTES ET SOUPLES  INFUS\u00c9 D&#039;ACIDE HYALURONIQUE\" \/>\n<meta property=\"og:url\" content=\"https:\/\/jumandeadsea.com\/fr\/produit\/lotion-hydratante-et-epaississante-pour-barbe-et-moustaches-avec-mineraux-de-la-mer-morte-menthe-fraiche-et-pomme-verte\/\" \/>\n<meta property=\"og:site_name\" content=\"Juman Dead Sea\" \/>\n<meta name=\"twitter:card\" content=\"summary_large_image\" \/>\n<meta name=\"twitter:label1\" content=\"Dur\u00e9e de lecture estim\u00e9e\" \/>\n\t<meta name=\"twitter:data1\" content=\"1 minute\" \/>\n<script type=\"application\/ld+json\" class=\"yoast-schema-graph\">{\"@context\":\"https:\\\/\\\/schema.org\",\"@graph\":[{\"@type\":\"WebPage\",\"@id\":\"https:\\\/\\\/jumandeadsea.com\\\/fr\\\/produit\\\/lotion-hydratante-et-epaississante-pour-barbe-et-moustaches-avec-mineraux-de-la-mer-morte-menthe-fraiche-et-pomme-verte\\\/\",\"url\":\"https:\\\/\\\/jumandeadsea.com\\\/fr\\\/produit\\\/lotion-hydratante-et-epaississante-pour-barbe-et-moustaches-avec-mineraux-de-la-mer-morte-menthe-fraiche-et-pomme-verte\\\/\",\"name\":\"LOTION HYDRATANTE ET \u00c9PAISSISSANTE POUR BARBE ET MOUSTACHES AVEC MIN\u00c9RAUX DE LA MER MORTE (MENTHE FRA\u00ceCHE ET POMME VERTE) - Juman Dead Sea\",\"isPartOf\":{\"@id\":\"https:\\\/\\\/jumandeadsea.com\\\/fr\\\/#website\"},\"primaryImageOfPage\":{\"@id\":\"https:\\\/\\\/jumandeadsea.com\\\/fr\\\/produit\\\/lotion-hydratante-et-epaississante-pour-barbe-et-moustaches-avec-mineraux-de-la-mer-morte-menthe-fraiche-et-pomme-verte\\\/#primaryimage\"},\"image\":{\"@id\":\"https:\\\/\\\/jumandeadsea.com\\\/fr\\\/produit\\\/lotion-hydratante-et-epaississante-pour-barbe-et-moustaches-avec-mineraux-de-la-mer-morte-menthe-fraiche-et-pomme-verte\\\/#primaryimage\"},\"thumbnailUrl\":\"https:\\\/\\\/jumandeadsea.com\\\/wp-content\\\/uploads\\\/BEARD-MUSTACHES-MOISTURIZING-THICKENING-LOTION-WITH-DEAD-SEA-MINERALS-BLUE-1.png\",\"datePublished\":\"2024-11-18T17:30:21+00:00\",\"breadcrumb\":{\"@id\":\"https:\\\/\\\/jumandeadsea.com\\\/fr\\\/produit\\\/lotion-hydratante-et-epaississante-pour-barbe-et-moustaches-avec-mineraux-de-la-mer-morte-menthe-fraiche-et-pomme-verte\\\/#breadcrumb\"},\"inLanguage\":\"fr-FR\",\"potentialAction\":[{\"@type\":\"ReadAction\",\"target\":[\"https:\\\/\\\/jumandeadsea.com\\\/fr\\\/produit\\\/lotion-hydratante-et-epaississante-pour-barbe-et-moustaches-avec-mineraux-de-la-mer-morte-menthe-fraiche-et-pomme-verte\\\/\"]}]},{\"@type\":\"ImageObject\",\"inLanguage\":\"fr-FR\",\"@id\":\"https:\\\/\\\/jumandeadsea.com\\\/fr\\\/produit\\\/lotion-hydratante-et-epaississante-pour-barbe-et-moustaches-avec-mineraux-de-la-mer-morte-menthe-fraiche-et-pomme-verte\\\/#primaryimage\",\"url\":\"https:\\\/\\\/jumandeadsea.com\\\/wp-content\\\/uploads\\\/BEARD-MUSTACHES-MOISTURIZING-THICKENING-LOTION-WITH-DEAD-SEA-MINERALS-BLUE-1.png\",\"contentUrl\":\"https:\\\/\\\/jumandeadsea.com\\\/wp-content\\\/uploads\\\/BEARD-MUSTACHES-MOISTURIZING-THICKENING-LOTION-WITH-DEAD-SEA-MINERALS-BLUE-1.png\",\"width\":1000,\"height\":750},{\"@type\":\"BreadcrumbList\",\"@id\":\"https:\\\/\\\/jumandeadsea.com\\\/fr\\\/produit\\\/lotion-hydratante-et-epaississante-pour-barbe-et-moustaches-avec-mineraux-de-la-mer-morte-menthe-fraiche-et-pomme-verte\\\/#breadcrumb\",\"itemListElement\":[{\"@type\":\"ListItem\",\"position\":1,\"name\":\"Home\",\"item\":\"https:\\\/\\\/jumandeadsea.com\\\/fr\\\/\"},{\"@type\":\"ListItem\",\"position\":2,\"name\":\"Boutique\",\"item\":\"https:\\\/\\\/jumandeadsea.com\\\/shop\\\/\"},{\"@type\":\"ListItem\",\"position\":3,\"name\":\"Lotion Hydratante Et \u00c9paississante Pour Barbe Et Moustaches Avec Min\u00c9raux De La Mer Morte (menthe Fra\u00ceche Et Pomme Verte)\"}]},{\"@type\":\"WebSite\",\"@id\":\"https:\\\/\\\/jumandeadsea.com\\\/fr\\\/#website\",\"url\":\"https:\\\/\\\/jumandeadsea.com\\\/fr\\\/\",\"name\":\"Juman Dead Sea\",\"description\":\"Authentic Dead Sea Mineral Skincare for Sensitive, Healthy Skin\",\"potentialAction\":[{\"@type\":\"SearchAction\",\"target\":{\"@type\":\"EntryPoint\",\"urlTemplate\":\"https:\\\/\\\/jumandeadsea.com\\\/fr\\\/?s={search_term_string}\"},\"query-input\":{\"@type\":\"PropertyValueSpecification\",\"valueRequired\":true,\"valueName\":\"search_term_string\"}}],\"inLanguage\":\"fr-FR\"}]}<\/script>\n<!-- \/ Yoast SEO plugin. -->","yoast_head_json":{"title":"LOTION HYDRATANTE ET \u00c9PAISSISSANTE POUR BARBE ET MOUSTACHES AVEC MIN\u00c9RAUX DE LA MER MORTE (MENTHE FRA\u00ceCHE ET POMME VERTE) - Juman Dead Sea","robots":{"index":"index","follow":"follow","max-snippet":"max-snippet:-1","max-image-preview":"max-image-preview:large","max-video-preview":"max-video-preview:-1"},"canonical":"https:\/\/jumandeadsea.com\/fr\/produit\/lotion-hydratante-et-epaississante-pour-barbe-et-moustaches-avec-mineraux-de-la-mer-morte-menthe-fraiche-et-pomme-verte\/","og_locale":"fr_FR","og_type":"article","og_title":"LOTION HYDRATANTE ET \u00c9PAISSISSANTE POUR BARBE ET MOUSTACHES AVEC MIN\u00c9RAUX DE LA MER MORTE (MENTHE FRA\u00ceCHE ET POMME VERTE) - Juman Dead Sea","og_description":"Augmentez l'\u00e9clat, le volume et la douceur de votre barbe et de vos moustaches en utilisant notre lotion non grasse. Elle est infus\u00e9e d'huiles essentielles pour aider \u00e0 maintenir une barbe et des moustaches saines, augmenter l'\u00e9paisseur, se d\u00e9barrasser des pointes fourchues, adoucir les poils de barbe et leur donner un aspect soign\u00e9 et brillant.   MENTHE FRA\u00ceCHE ET POMME VERTE  POUR UNE BARBE ET DES MOUSTACHES BRILLANTES ET SOUPLES  INFUS\u00c9 D'ACIDE HYALURONIQUE","og_url":"https:\/\/jumandeadsea.com\/fr\/produit\/lotion-hydratante-et-epaississante-pour-barbe-et-moustaches-avec-mineraux-de-la-mer-morte-menthe-fraiche-et-pomme-verte\/","og_site_name":"Juman Dead Sea","twitter_card":"summary_large_image","twitter_misc":{"Dur\u00e9e de lecture estim\u00e9e":"1 minute"},"schema":{"@context":"https:\/\/schema.org","@graph":[{"@type":"WebPage","@id":"https:\/\/jumandeadsea.com\/fr\/produit\/lotion-hydratante-et-epaississante-pour-barbe-et-moustaches-avec-mineraux-de-la-mer-morte-menthe-fraiche-et-pomme-verte\/","url":"https:\/\/jumandeadsea.com\/fr\/produit\/lotion-hydratante-et-epaississante-pour-barbe-et-moustaches-avec-mineraux-de-la-mer-morte-menthe-fraiche-et-pomme-verte\/","name":"LOTION HYDRATANTE ET \u00c9PAISSISSANTE POUR BARBE ET MOUSTACHES AVEC MIN\u00c9RAUX DE LA MER MORTE (MENTHE FRA\u00ceCHE ET POMME VERTE) - Juman Dead Sea","isPartOf":{"@id":"https:\/\/jumandeadsea.com\/fr\/#website"},"primaryImageOfPage":{"@id":"https:\/\/jumandeadsea.com\/fr\/produit\/lotion-hydratante-et-epaississante-pour-barbe-et-moustaches-avec-mineraux-de-la-mer-morte-menthe-fraiche-et-pomme-verte\/#primaryimage"},"image":{"@id":"https:\/\/jumandeadsea.com\/fr\/produit\/lotion-hydratante-et-epaississante-pour-barbe-et-moustaches-avec-mineraux-de-la-mer-morte-menthe-fraiche-et-pomme-verte\/#primaryimage"},"thumbnailUrl":"https:\/\/jumandeadsea.com\/wp-content\/uploads\/BEARD-MUSTACHES-MOISTURIZING-THICKENING-LOTION-WITH-DEAD-SEA-MINERALS-BLUE-1.png","datePublished":"2024-11-18T17:30:21+00:00","breadcrumb":{"@id":"https:\/\/jumandeadsea.com\/fr\/produit\/lotion-hydratante-et-epaississante-pour-barbe-et-moustaches-avec-mineraux-de-la-mer-morte-menthe-fraiche-et-pomme-verte\/#breadcrumb"},"inLanguage":"fr-FR","potentialAction":[{"@type":"ReadAction","target":["https:\/\/jumandeadsea.com\/fr\/produit\/lotion-hydratante-et-epaississante-pour-barbe-et-moustaches-avec-mineraux-de-la-mer-morte-menthe-fraiche-et-pomme-verte\/"]}]},{"@type":"ImageObject","inLanguage":"fr-FR","@id":"https:\/\/jumandeadsea.com\/fr\/produit\/lotion-hydratante-et-epaississante-pour-barbe-et-moustaches-avec-mineraux-de-la-mer-morte-menthe-fraiche-et-pomme-verte\/#primaryimage","url":"https:\/\/jumandeadsea.com\/wp-content\/uploads\/BEARD-MUSTACHES-MOISTURIZING-THICKENING-LOTION-WITH-DEAD-SEA-MINERALS-BLUE-1.png","contentUrl":"https:\/\/jumandeadsea.com\/wp-content\/uploads\/BEARD-MUSTACHES-MOISTURIZING-THICKENING-LOTION-WITH-DEAD-SEA-MINERALS-BLUE-1.png","width":1000,"height":750},{"@type":"BreadcrumbList","@id":"https:\/\/jumandeadsea.com\/fr\/produit\/lotion-hydratante-et-epaississante-pour-barbe-et-moustaches-avec-mineraux-de-la-mer-morte-menthe-fraiche-et-pomme-verte\/#breadcrumb","itemListElement":[{"@type":"ListItem","position":1,"name":"Home","item":"https:\/\/jumandeadsea.com\/fr\/"},{"@type":"ListItem","position":2,"name":"Boutique","item":"https:\/\/jumandeadsea.com\/shop\/"},{"@type":"ListItem","position":3,"name":"Lotion Hydratante Et \u00c9paississante Pour Barbe Et Moustaches Avec Min\u00c9raux De La Mer Morte (menthe Fra\u00ceche Et Pomme Verte)"}]},{"@type":"WebSite","@id":"https:\/\/jumandeadsea.com\/fr\/#website","url":"https:\/\/jumandeadsea.com\/fr\/","name":"Juman Dead Sea","description":"Authentic Dead Sea Mineral Skincare for Sensitive, Healthy Skin","potentialAction":[{"@type":"SearchAction","target":{"@type":"EntryPoint","urlTemplate":"https:\/\/jumandeadsea.com\/fr\/?s={search_term_string}"},"query-input":{"@type":"PropertyValueSpecification","valueRequired":true,"valueName":"search_term_string"}}],"inLanguage":"fr-FR"}]}},"_links":{"self":[{"href":"https:\/\/jumandeadsea.com\/fr\/wp-json\/wp\/v2\/product\/326630","targetHints":{"allow":["GET"]}}],"collection":[{"href":"https:\/\/jumandeadsea.com\/fr\/wp-json\/wp\/v2\/product"}],"about":[{"href":"https:\/\/jumandeadsea.com\/fr\/wp-json\/wp\/v2\/types\/product"}],"replies":[{"embeddable":true,"href":"https:\/\/jumandeadsea.com\/fr\/wp-json\/wp\/v2\/comments?post=326630"}],"wp:featuredmedia":[{"embeddable":true,"href":"https:\/\/jumandeadsea.com\/fr\/wp-json\/wp\/v2\/media\/2029"}],"wp:attachment":[{"href":"https:\/\/jumandeadsea.com\/fr\/wp-json\/wp\/v2\/media?parent=326630"}],"wp:term":[{"taxonomy":"product_brand","embeddable":true,"href":"https:\/\/jumandeadsea.com\/fr\/wp-json\/wp\/v2\/product_brand?post=326630"},{"taxonomy":"product_cat","embeddable":true,"href":"https:\/\/jumandeadsea.com\/fr\/wp-json\/wp\/v2\/product_cat?post=326630"},{"taxonomy":"product_tag","embeddable":true,"href":"https:\/\/jumandeadsea.com\/fr\/wp-json\/wp\/v2\/product_tag?post=326630"}],"curies":[{"name":"wp","href":"https:\/\/api.w.org\/{rel}","templated":true}]}}