{"id":326627,"date":"2024-11-18T17:30:21","date_gmt":"2024-11-18T17:30:21","guid":{"rendered":"https:\/\/jumandeadsea.com\/product\/baume-apres-rasage-anti-age-aux-mineraux-de-la-mer-morte-boise-floral-et-musc\/"},"modified":"2024-11-18T17:30:21","modified_gmt":"2024-11-18T17:30:21","slug":"baume-apres-rasage-anti-age-aux-mineraux-de-la-mer-morte-boise-floral-et-musc","status":"publish","type":"product","link":"https:\/\/jumandeadsea.com\/fr\/produit\/baume-apres-rasage-anti-age-aux-mineraux-de-la-mer-morte-boise-floral-et-musc\/","title":{"rendered":"Baume Apr\u00c8s-rasage Anti-\u00c2ge Aux Min\u00c9raux De La Mer Morte (bois\u00c9, Floral Et Musc)"},"content":{"rendered":"\n    <div class=\"shortcode-accordion\">\n        <h3 class=\"accordion-header\">Ingr\u00e9dients<\/h3>\n        <div class=\"accordion-content\" style=\"display: none;\">\n            \n<p>Butyrospermum Parkii (beurre de karit\u00e9), Theobroma Cacao (beurre de cacao), acide hyaluronique, Maris Sal (sel de la mer morte).<\/p>\n<ul>\n<li><strong><em>Beurre de karit\u00e9 :<\/em><\/strong> Apaise les irritations apr\u00e8s le rasage, hydrate le visage et prot\u00e8ge les cellules de votre peau contre les radicaux libres qui peuvent entra\u00eener un vieillissement pr\u00e9matur\u00e9 et une peau terne.<\/li>\n<li><strong><em>Beurre de cacao :<\/em><\/strong> Hydrate la peau, favorise sa sant\u00e9 et soulage les irritations, les d\u00e9mangeaisons et les rougeurs.<\/li>\n<li><strong><em>Acide hyaluronique :<\/em><\/strong> soulage les d\u00e9mangeaisons caus\u00e9es par une peau s\u00e8che et irrit\u00e9e, aide \u00e0 restaurer l&rsquo;hydratation de la peau, am\u00e9liore la fra\u00eecheur et la jeunesse de la peau, r\u00e9duit l&rsquo;apparence des rides et am\u00e9liore la texture de la peau.<\/li>\n<li><strong><em>Sels de la Mer Morte :<\/em><\/strong> hydratent la peau et r\u00e9duisent l&rsquo;inflammation.<\/li>\n<\/ul>\n<p>\n        <\/div>\n    <\/div><br \/>\n\n    <div class=\"shortcode-accordion\">\n        <h3 class=\"accordion-header\">Mode d&#039;emploi :<\/h3>\n        <div class=\"accordion-content\" style=\"display: none;\">\n            <\/p>\n<p>Nettoyez vos joues, votre menton et votre cou apr\u00e8s le rasage, puis appliquez notre baume de rasage et massez doucement jusqu&rsquo;\u00e0 absorption compl\u00e8te. A utiliser de pr\u00e9f\u00e9rence apr\u00e8s la cr\u00e8me de rasage pour l&rsquo;hydrater. <\/p>\n<p>\n        <\/div>\n    <\/div><br \/>\n\n    <div class=\"shortcode-accordion\">\n        <h3 class=\"accordion-header\">Informations sur le produit<\/h3>\n        <div class=\"accordion-content\" style=\"display: none;\">\n            <\/p>\n<p>&#8211; Poids : 125ml<\/p>\n<p>\n        <\/div>\n    <\/div><\/p>\n","protected":false},"excerpt":{"rendered":"<p>Ce baume anti-\u00e2ge \u00e0 l&rsquo;hydratation intense hydrate en profondeur la peau apr\u00e8s le rasage, soutient son processus de r\u00e9g\u00e9n\u00e9ration et r\u00e9duit les rougeurs, la s\u00e9cheresse et les tiraillements. Il est sp\u00e9cialement formul\u00e9 avec de l&rsquo;acide hyaluronique pour exploiter les pores ouverts de la peau apr\u00e8s le rasage afin de combler imm\u00e9diatement les rides. <\/p>\n<ul>\n<li>BOIS\u00c9, FLORAL ET MUSC<\/li>\n<li>HYDRATE ET RAFRA\u00ceCHIT LA PEAU APR\u00c8S LE RASAGE<\/li>\n<li>INFUS\u00c9 D&rsquo;ACIDE HYALURONIQUE<\/li>\n<\/ul>\n","protected":false},"featured_media":2017,"comment_status":"open","ping_status":"closed","template":"","meta":{"_et_pb_use_builder":"","_et_pb_old_content":"","_et_gb_content_width":""},"product_brand":[],"product_cat":[103],"product_tag":[],"class_list":{"0":"post-326627","1":"product","2":"type-product","3":"status-publish","4":"has-post-thumbnail","6":"product_cat-soins-pour-hommes","8":"first","9":"instock","10":"shipping-taxable","11":"purchasable","12":"product-type-simple"},"yoast_head":"<!-- This site is optimized with the Yoast SEO plugin v27.3 - https:\/\/yoast.com\/product\/yoast-seo-wordpress\/ -->\n<title>BAUME APR\u00c8S-RASAGE ANTI-\u00c2GE AUX MIN\u00c9RAUX DE LA MER MORTE (BOIS\u00c9, FLORAL ET MUSC) - Juman Dead Sea<\/title>\n<meta name=\"robots\" content=\"index, follow, max-snippet:-1, max-image-preview:large, max-video-preview:-1\" \/>\n<link rel=\"canonical\" href=\"https:\/\/jumandeadsea.com\/fr\/produit\/baume-apres-rasage-anti-age-aux-mineraux-de-la-mer-morte-boise-floral-et-musc\/\" \/>\n<meta property=\"og:locale\" content=\"fr_FR\" \/>\n<meta property=\"og:type\" content=\"article\" \/>\n<meta property=\"og:title\" content=\"BAUME APR\u00c8S-RASAGE ANTI-\u00c2GE AUX MIN\u00c9RAUX DE LA MER MORTE (BOIS\u00c9, FLORAL ET MUSC) - Juman Dead Sea\" \/>\n<meta property=\"og:description\" content=\"Ce baume anti-\u00e2ge \u00e0 l&#039;hydratation intense hydrate en profondeur la peau apr\u00e8s le rasage, soutient son processus de r\u00e9g\u00e9n\u00e9ration et r\u00e9duit les rougeurs, la s\u00e9cheresse et les tiraillements. Il est sp\u00e9cialement formul\u00e9 avec de l&#039;acide hyaluronique pour exploiter les pores ouverts de la peau apr\u00e8s le rasage afin de combler imm\u00e9diatement les rides.   BOIS\u00c9, FLORAL ET MUSC  HYDRATE ET RAFRA\u00ceCHIT LA PEAU APR\u00c8S LE RASAGE  INFUS\u00c9 D&#039;ACIDE HYALURONIQUE\" \/>\n<meta property=\"og:url\" content=\"https:\/\/jumandeadsea.com\/fr\/produit\/baume-apres-rasage-anti-age-aux-mineraux-de-la-mer-morte-boise-floral-et-musc\/\" \/>\n<meta property=\"og:site_name\" content=\"Juman Dead Sea\" \/>\n<meta name=\"twitter:card\" content=\"summary_large_image\" \/>\n<meta name=\"twitter:label1\" content=\"Dur\u00e9e de lecture estim\u00e9e\" \/>\n\t<meta name=\"twitter:data1\" content=\"1 minute\" \/>\n<script type=\"application\/ld+json\" class=\"yoast-schema-graph\">{\"@context\":\"https:\\\/\\\/schema.org\",\"@graph\":[{\"@type\":\"WebPage\",\"@id\":\"https:\\\/\\\/jumandeadsea.com\\\/fr\\\/produit\\\/baume-apres-rasage-anti-age-aux-mineraux-de-la-mer-morte-boise-floral-et-musc\\\/\",\"url\":\"https:\\\/\\\/jumandeadsea.com\\\/fr\\\/produit\\\/baume-apres-rasage-anti-age-aux-mineraux-de-la-mer-morte-boise-floral-et-musc\\\/\",\"name\":\"BAUME APR\u00c8S-RASAGE ANTI-\u00c2GE AUX MIN\u00c9RAUX DE LA MER MORTE (BOIS\u00c9, FLORAL ET MUSC) - Juman Dead Sea\",\"isPartOf\":{\"@id\":\"https:\\\/\\\/jumandeadsea.com\\\/fr\\\/#website\"},\"primaryImageOfPage\":{\"@id\":\"https:\\\/\\\/jumandeadsea.com\\\/fr\\\/produit\\\/baume-apres-rasage-anti-age-aux-mineraux-de-la-mer-morte-boise-floral-et-musc\\\/#primaryimage\"},\"image\":{\"@id\":\"https:\\\/\\\/jumandeadsea.com\\\/fr\\\/produit\\\/baume-apres-rasage-anti-age-aux-mineraux-de-la-mer-morte-boise-floral-et-musc\\\/#primaryimage\"},\"thumbnailUrl\":\"https:\\\/\\\/jumandeadsea.com\\\/wp-content\\\/uploads\\\/ANTI-AGING-AFTER-SHAVE-BALM-WITH-DEAD-SEA-MINERALS-RED.png\",\"datePublished\":\"2024-11-18T17:30:21+00:00\",\"breadcrumb\":{\"@id\":\"https:\\\/\\\/jumandeadsea.com\\\/fr\\\/produit\\\/baume-apres-rasage-anti-age-aux-mineraux-de-la-mer-morte-boise-floral-et-musc\\\/#breadcrumb\"},\"inLanguage\":\"fr-FR\",\"potentialAction\":[{\"@type\":\"ReadAction\",\"target\":[\"https:\\\/\\\/jumandeadsea.com\\\/fr\\\/produit\\\/baume-apres-rasage-anti-age-aux-mineraux-de-la-mer-morte-boise-floral-et-musc\\\/\"]}]},{\"@type\":\"ImageObject\",\"inLanguage\":\"fr-FR\",\"@id\":\"https:\\\/\\\/jumandeadsea.com\\\/fr\\\/produit\\\/baume-apres-rasage-anti-age-aux-mineraux-de-la-mer-morte-boise-floral-et-musc\\\/#primaryimage\",\"url\":\"https:\\\/\\\/jumandeadsea.com\\\/wp-content\\\/uploads\\\/ANTI-AGING-AFTER-SHAVE-BALM-WITH-DEAD-SEA-MINERALS-RED.png\",\"contentUrl\":\"https:\\\/\\\/jumandeadsea.com\\\/wp-content\\\/uploads\\\/ANTI-AGING-AFTER-SHAVE-BALM-WITH-DEAD-SEA-MINERALS-RED.png\",\"width\":1000,\"height\":750},{\"@type\":\"BreadcrumbList\",\"@id\":\"https:\\\/\\\/jumandeadsea.com\\\/fr\\\/produit\\\/baume-apres-rasage-anti-age-aux-mineraux-de-la-mer-morte-boise-floral-et-musc\\\/#breadcrumb\",\"itemListElement\":[{\"@type\":\"ListItem\",\"position\":1,\"name\":\"Home\",\"item\":\"https:\\\/\\\/jumandeadsea.com\\\/fr\\\/\"},{\"@type\":\"ListItem\",\"position\":2,\"name\":\"Boutique\",\"item\":\"https:\\\/\\\/jumandeadsea.com\\\/shop\\\/\"},{\"@type\":\"ListItem\",\"position\":3,\"name\":\"Baume Apr\u00c8s-rasage Anti-\u00c2ge Aux Min\u00c9raux De La Mer Morte (bois\u00c9, Floral Et Musc)\"}]},{\"@type\":\"WebSite\",\"@id\":\"https:\\\/\\\/jumandeadsea.com\\\/fr\\\/#website\",\"url\":\"https:\\\/\\\/jumandeadsea.com\\\/fr\\\/\",\"name\":\"Juman Dead Sea\",\"description\":\"Authentic Dead Sea Mineral Skincare for Sensitive, Healthy Skin\",\"potentialAction\":[{\"@type\":\"SearchAction\",\"target\":{\"@type\":\"EntryPoint\",\"urlTemplate\":\"https:\\\/\\\/jumandeadsea.com\\\/fr\\\/?s={search_term_string}\"},\"query-input\":{\"@type\":\"PropertyValueSpecification\",\"valueRequired\":true,\"valueName\":\"search_term_string\"}}],\"inLanguage\":\"fr-FR\"}]}<\/script>\n<!-- \/ Yoast SEO plugin. -->","yoast_head_json":{"title":"BAUME APR\u00c8S-RASAGE ANTI-\u00c2GE AUX MIN\u00c9RAUX DE LA MER MORTE (BOIS\u00c9, FLORAL ET MUSC) - Juman Dead Sea","robots":{"index":"index","follow":"follow","max-snippet":"max-snippet:-1","max-image-preview":"max-image-preview:large","max-video-preview":"max-video-preview:-1"},"canonical":"https:\/\/jumandeadsea.com\/fr\/produit\/baume-apres-rasage-anti-age-aux-mineraux-de-la-mer-morte-boise-floral-et-musc\/","og_locale":"fr_FR","og_type":"article","og_title":"BAUME APR\u00c8S-RASAGE ANTI-\u00c2GE AUX MIN\u00c9RAUX DE LA MER MORTE (BOIS\u00c9, FLORAL ET MUSC) - Juman Dead Sea","og_description":"Ce baume anti-\u00e2ge \u00e0 l'hydratation intense hydrate en profondeur la peau apr\u00e8s le rasage, soutient son processus de r\u00e9g\u00e9n\u00e9ration et r\u00e9duit les rougeurs, la s\u00e9cheresse et les tiraillements. Il est sp\u00e9cialement formul\u00e9 avec de l'acide hyaluronique pour exploiter les pores ouverts de la peau apr\u00e8s le rasage afin de combler imm\u00e9diatement les rides.   BOIS\u00c9, FLORAL ET MUSC  HYDRATE ET RAFRA\u00ceCHIT LA PEAU APR\u00c8S LE RASAGE  INFUS\u00c9 D'ACIDE HYALURONIQUE","og_url":"https:\/\/jumandeadsea.com\/fr\/produit\/baume-apres-rasage-anti-age-aux-mineraux-de-la-mer-morte-boise-floral-et-musc\/","og_site_name":"Juman Dead Sea","twitter_card":"summary_large_image","twitter_misc":{"Dur\u00e9e de lecture estim\u00e9e":"1 minute"},"schema":{"@context":"https:\/\/schema.org","@graph":[{"@type":"WebPage","@id":"https:\/\/jumandeadsea.com\/fr\/produit\/baume-apres-rasage-anti-age-aux-mineraux-de-la-mer-morte-boise-floral-et-musc\/","url":"https:\/\/jumandeadsea.com\/fr\/produit\/baume-apres-rasage-anti-age-aux-mineraux-de-la-mer-morte-boise-floral-et-musc\/","name":"BAUME APR\u00c8S-RASAGE ANTI-\u00c2GE AUX MIN\u00c9RAUX DE LA MER MORTE (BOIS\u00c9, FLORAL ET MUSC) - Juman Dead Sea","isPartOf":{"@id":"https:\/\/jumandeadsea.com\/fr\/#website"},"primaryImageOfPage":{"@id":"https:\/\/jumandeadsea.com\/fr\/produit\/baume-apres-rasage-anti-age-aux-mineraux-de-la-mer-morte-boise-floral-et-musc\/#primaryimage"},"image":{"@id":"https:\/\/jumandeadsea.com\/fr\/produit\/baume-apres-rasage-anti-age-aux-mineraux-de-la-mer-morte-boise-floral-et-musc\/#primaryimage"},"thumbnailUrl":"https:\/\/jumandeadsea.com\/wp-content\/uploads\/ANTI-AGING-AFTER-SHAVE-BALM-WITH-DEAD-SEA-MINERALS-RED.png","datePublished":"2024-11-18T17:30:21+00:00","breadcrumb":{"@id":"https:\/\/jumandeadsea.com\/fr\/produit\/baume-apres-rasage-anti-age-aux-mineraux-de-la-mer-morte-boise-floral-et-musc\/#breadcrumb"},"inLanguage":"fr-FR","potentialAction":[{"@type":"ReadAction","target":["https:\/\/jumandeadsea.com\/fr\/produit\/baume-apres-rasage-anti-age-aux-mineraux-de-la-mer-morte-boise-floral-et-musc\/"]}]},{"@type":"ImageObject","inLanguage":"fr-FR","@id":"https:\/\/jumandeadsea.com\/fr\/produit\/baume-apres-rasage-anti-age-aux-mineraux-de-la-mer-morte-boise-floral-et-musc\/#primaryimage","url":"https:\/\/jumandeadsea.com\/wp-content\/uploads\/ANTI-AGING-AFTER-SHAVE-BALM-WITH-DEAD-SEA-MINERALS-RED.png","contentUrl":"https:\/\/jumandeadsea.com\/wp-content\/uploads\/ANTI-AGING-AFTER-SHAVE-BALM-WITH-DEAD-SEA-MINERALS-RED.png","width":1000,"height":750},{"@type":"BreadcrumbList","@id":"https:\/\/jumandeadsea.com\/fr\/produit\/baume-apres-rasage-anti-age-aux-mineraux-de-la-mer-morte-boise-floral-et-musc\/#breadcrumb","itemListElement":[{"@type":"ListItem","position":1,"name":"Home","item":"https:\/\/jumandeadsea.com\/fr\/"},{"@type":"ListItem","position":2,"name":"Boutique","item":"https:\/\/jumandeadsea.com\/shop\/"},{"@type":"ListItem","position":3,"name":"Baume Apr\u00c8s-rasage Anti-\u00c2ge Aux Min\u00c9raux De La Mer Morte (bois\u00c9, Floral Et Musc)"}]},{"@type":"WebSite","@id":"https:\/\/jumandeadsea.com\/fr\/#website","url":"https:\/\/jumandeadsea.com\/fr\/","name":"Juman Dead Sea","description":"Authentic Dead Sea Mineral Skincare for Sensitive, Healthy Skin","potentialAction":[{"@type":"SearchAction","target":{"@type":"EntryPoint","urlTemplate":"https:\/\/jumandeadsea.com\/fr\/?s={search_term_string}"},"query-input":{"@type":"PropertyValueSpecification","valueRequired":true,"valueName":"search_term_string"}}],"inLanguage":"fr-FR"}]}},"_links":{"self":[{"href":"https:\/\/jumandeadsea.com\/fr\/wp-json\/wp\/v2\/product\/326627","targetHints":{"allow":["GET"]}}],"collection":[{"href":"https:\/\/jumandeadsea.com\/fr\/wp-json\/wp\/v2\/product"}],"about":[{"href":"https:\/\/jumandeadsea.com\/fr\/wp-json\/wp\/v2\/types\/product"}],"replies":[{"embeddable":true,"href":"https:\/\/jumandeadsea.com\/fr\/wp-json\/wp\/v2\/comments?post=326627"}],"wp:featuredmedia":[{"embeddable":true,"href":"https:\/\/jumandeadsea.com\/fr\/wp-json\/wp\/v2\/media\/2017"}],"wp:attachment":[{"href":"https:\/\/jumandeadsea.com\/fr\/wp-json\/wp\/v2\/media?parent=326627"}],"wp:term":[{"taxonomy":"product_brand","embeddable":true,"href":"https:\/\/jumandeadsea.com\/fr\/wp-json\/wp\/v2\/product_brand?post=326627"},{"taxonomy":"product_cat","embeddable":true,"href":"https:\/\/jumandeadsea.com\/fr\/wp-json\/wp\/v2\/product_cat?post=326627"},{"taxonomy":"product_tag","embeddable":true,"href":"https:\/\/jumandeadsea.com\/fr\/wp-json\/wp\/v2\/product_tag?post=326627"}],"curies":[{"name":"wp","href":"https:\/\/api.w.org\/{rel}","templated":true}]}}