{"id":326624,"date":"2024-11-18T17:30:24","date_gmt":"2024-11-18T17:30:24","guid":{"rendered":"https:\/\/jumandeadsea.com\/product\/creme-de-sommeil-age-even-tone-aux-mineraux-de-la-mer-morte\/"},"modified":"2024-11-18T17:30:24","modified_gmt":"2024-11-18T17:30:24","slug":"creme-de-sommeil-age-even-tone-aux-mineraux-de-la-mer-morte","status":"publish","type":"product","link":"https:\/\/jumandeadsea.com\/fr\/produit\/creme-de-sommeil-age-even-tone-aux-mineraux-de-la-mer-morte\/","title":{"rendered":"Cr\u00c8me De Sommeil Age Even Tone Aux Min\u00c9raux De La Mer Morte"},"content":{"rendered":"\n    <div class=\"shortcode-accordion\">\n        <h3 class=\"accordion-header\">Ingr\u00e9dients<\/h3>\n        <div class=\"accordion-content\" style=\"display: none;\">\n            \n<p>Cera Alba (cire d&rsquo;abeille), Olea Europaea (huile d&rsquo;olive), Punica Granatum (huile de p\u00e9pins de grenade), Ascorbyl Palmitate (vitamine C), Maris Sal (sel de la mer morte), Sodium Hyaluronate, gel\u00e9e royale.<\/p>\n<ul>\n<li><em>Sel de la mer morte :<\/em> Les sels organiques riches en magn\u00e9sium am\u00e9liorent l&rsquo;hydratation de la peau et r\u00e9duisent l&rsquo;inflammation des peaux s\u00e8ches.<\/li>\n<li><em>Cire d&rsquo;abeille : <\/em>utilis\u00e9e comme agent de cicatrisation de la peau gr\u00e2ce \u00e0 sa capacit\u00e9 antibact\u00e9rienne naturelle, elle contient \u00e9galement de la vitamine A, un \u00e9l\u00e9ment crucial pour le d\u00e9veloppement des cellules.<\/li>\n<li>L&rsquo;<em>huile d&rsquo;olive : <\/em>c&rsquo;est un booster de beaut\u00e9 complet, non seulement elle est riche en vitamines et en antioxydants, mais elle am\u00e9liore \u00e9galement l&rsquo;hydratation et l&rsquo;exfoliation, pr\u00e9vient l&rsquo;acn\u00e9 et n&rsquo;obstrue pas les pores.<\/li>\n<li><em>Huile de p\u00e9pins de grenade : <\/em>contient des niveaux \u00e9lev\u00e9s de vitamine C et d&rsquo;antioxydants qui peuvent aider \u00e0 pr\u00e9venir les dommages cellulaires et \u00e0 renforcer la capacit\u00e9 de la peau \u00e0 se r\u00e9parer elle-m\u00eame.<\/li>\n<li><em>Vitamine C :<\/em> favorise la production de collag\u00e8ne dans les cellules de la peau, ce qui permet de r\u00e9parer les dommages caus\u00e9s par le soleil et d&rsquo;acc\u00e9l\u00e9rer la cicatrisation, ce qui donne \u00e0 la peau un aspect plus jeune, plus brillant et plus net.<\/li>\n<li><em>Gel\u00e9e royale : <\/em>la composition de la gel\u00e9e royale en fait un ingr\u00e9dient multit\u00e2che pour les soins de la peau. Elle peut lutter contre les signes du vieillissement gr\u00e2ce aux puissantes vitamines B, C et E, aux acides amin\u00e9s et gras, aux min\u00e9raux et aux antioxydants qui apaisent et nourrissent la peau. <\/li>\n<li><em>Hyaluronate de sodium :<\/em> aide \u00e0 restaurer l&rsquo;hydratation de la peau, favorisant un teint plus revitalis\u00e9 et plus jeune, r\u00e9duisant l&rsquo;apparence des rides et am\u00e9liorant la texture de la peau.<\/li>\n<\/ul>\n<p>\n        <\/div>\n    <\/div><br \/>\n\n    <div class=\"shortcode-accordion\">\n        <h3 class=\"accordion-header\">Mode d&#039;emploi :<\/h3>\n        <div class=\"accordion-content\" style=\"display: none;\">\n            <\/p>\n<p>Appliquez-le le soir sur une peau propre et s\u00e8che, massez d\u00e9licatement en effectuant de l\u00e9gers mouvements circulaires ascendants tout en parsemant le produit du bout des doigts afin d&rsquo;assurer une absorption compl\u00e8te.<\/p>\n<p>\n        <\/div>\n    <\/div><br \/>\n\n    <div class=\"shortcode-accordion\">\n        <h3 class=\"accordion-header\">Informations sur le produit<\/h3>\n        <div class=\"accordion-content\" style=\"display: none;\">\n            <\/p>\n<p>&#8211; <b> CPNP : 3664481<\/b><\/p>\n<p> &#8211;<b> Poids : <\/b>50ml<\/p>\n<p>\n        <\/div>\n    <\/div><\/p>\n","protected":false},"excerpt":{"rendered":"<p>Cette cr\u00e8me de nuit ou de sommeil est parsem\u00e9e d&rsquo;ingr\u00e9dients tendres et magiques qui gardent votre peau hydrat\u00e9e, douce et souple &#8211; tout \u00e0 la fois. Comme si cela ne suffisait pas, elle r\u00e9pare \u00e9galement votre peau lorsque vous dormez profond\u00e9ment et vous fait para\u00eetre miraculeusement plus jeune en att\u00e9nuant les irr\u00e9gularit\u00e9s de votre teint. <\/p>\n","protected":false},"featured_media":1394,"comment_status":"open","ping_status":"closed","template":"","meta":{"_et_pb_use_builder":"","_et_pb_old_content":"","_et_gb_content_width":""},"product_brand":[],"product_cat":[102],"product_tag":[],"class_list":{"0":"post-326624","1":"product","2":"type-product","3":"status-publish","4":"has-post-thumbnail","6":"product_cat-soins-du-visage","8":"first","9":"instock","10":"shipping-taxable","11":"purchasable","12":"product-type-simple"},"yoast_head":"<!-- This site is optimized with the Yoast SEO plugin v27.3 - https:\/\/yoast.com\/product\/yoast-seo-wordpress\/ -->\n<title>CR\u00c8ME DE SOMMEIL AGE EVEN TONE AUX MIN\u00c9RAUX DE LA MER MORTE - Juman Dead Sea<\/title>\n<meta name=\"robots\" content=\"index, follow, max-snippet:-1, max-image-preview:large, max-video-preview:-1\" \/>\n<link rel=\"canonical\" href=\"https:\/\/jumandeadsea.com\/fr\/produit\/creme-de-sommeil-age-even-tone-aux-mineraux-de-la-mer-morte\/\" \/>\n<meta property=\"og:locale\" content=\"fr_FR\" \/>\n<meta property=\"og:type\" content=\"article\" \/>\n<meta property=\"og:title\" content=\"CR\u00c8ME DE SOMMEIL AGE EVEN TONE AUX MIN\u00c9RAUX DE LA MER MORTE - Juman Dead Sea\" \/>\n<meta property=\"og:description\" content=\"Cette cr\u00e8me de nuit ou de sommeil est parsem\u00e9e d&#039;ingr\u00e9dients tendres et magiques qui gardent votre peau hydrat\u00e9e, douce et souple - tout \u00e0 la fois. Comme si cela ne suffisait pas, elle r\u00e9pare \u00e9galement votre peau lorsque vous dormez profond\u00e9ment et vous fait para\u00eetre miraculeusement plus jeune en att\u00e9nuant les irr\u00e9gularit\u00e9s de votre teint.\" \/>\n<meta property=\"og:url\" content=\"https:\/\/jumandeadsea.com\/fr\/produit\/creme-de-sommeil-age-even-tone-aux-mineraux-de-la-mer-morte\/\" \/>\n<meta property=\"og:site_name\" content=\"Juman Dead Sea\" \/>\n<meta name=\"twitter:card\" content=\"summary_large_image\" \/>\n<meta name=\"twitter:label1\" content=\"Dur\u00e9e de lecture estim\u00e9e\" \/>\n\t<meta name=\"twitter:data1\" content=\"2 minutes\" \/>\n<script type=\"application\/ld+json\" class=\"yoast-schema-graph\">{\"@context\":\"https:\\\/\\\/schema.org\",\"@graph\":[{\"@type\":\"WebPage\",\"@id\":\"https:\\\/\\\/jumandeadsea.com\\\/fr\\\/produit\\\/creme-de-sommeil-age-even-tone-aux-mineraux-de-la-mer-morte\\\/\",\"url\":\"https:\\\/\\\/jumandeadsea.com\\\/fr\\\/produit\\\/creme-de-sommeil-age-even-tone-aux-mineraux-de-la-mer-morte\\\/\",\"name\":\"CR\u00c8ME DE SOMMEIL AGE EVEN TONE AUX MIN\u00c9RAUX DE LA MER MORTE - Juman Dead Sea\",\"isPartOf\":{\"@id\":\"https:\\\/\\\/jumandeadsea.com\\\/fr\\\/#website\"},\"primaryImageOfPage\":{\"@id\":\"https:\\\/\\\/jumandeadsea.com\\\/fr\\\/produit\\\/creme-de-sommeil-age-even-tone-aux-mineraux-de-la-mer-morte\\\/#primaryimage\"},\"image\":{\"@id\":\"https:\\\/\\\/jumandeadsea.com\\\/fr\\\/produit\\\/creme-de-sommeil-age-even-tone-aux-mineraux-de-la-mer-morte\\\/#primaryimage\"},\"thumbnailUrl\":\"https:\\\/\\\/jumandeadsea.com\\\/wp-content\\\/uploads\\\/Age-Even-Tone_Back_box-bottle.png\",\"datePublished\":\"2024-11-18T17:30:24+00:00\",\"breadcrumb\":{\"@id\":\"https:\\\/\\\/jumandeadsea.com\\\/fr\\\/produit\\\/creme-de-sommeil-age-even-tone-aux-mineraux-de-la-mer-morte\\\/#breadcrumb\"},\"inLanguage\":\"fr-FR\",\"potentialAction\":[{\"@type\":\"ReadAction\",\"target\":[\"https:\\\/\\\/jumandeadsea.com\\\/fr\\\/produit\\\/creme-de-sommeil-age-even-tone-aux-mineraux-de-la-mer-morte\\\/\"]}]},{\"@type\":\"ImageObject\",\"inLanguage\":\"fr-FR\",\"@id\":\"https:\\\/\\\/jumandeadsea.com\\\/fr\\\/produit\\\/creme-de-sommeil-age-even-tone-aux-mineraux-de-la-mer-morte\\\/#primaryimage\",\"url\":\"https:\\\/\\\/jumandeadsea.com\\\/wp-content\\\/uploads\\\/Age-Even-Tone_Back_box-bottle.png\",\"contentUrl\":\"https:\\\/\\\/jumandeadsea.com\\\/wp-content\\\/uploads\\\/Age-Even-Tone_Back_box-bottle.png\",\"width\":1500,\"height\":1500},{\"@type\":\"BreadcrumbList\",\"@id\":\"https:\\\/\\\/jumandeadsea.com\\\/fr\\\/produit\\\/creme-de-sommeil-age-even-tone-aux-mineraux-de-la-mer-morte\\\/#breadcrumb\",\"itemListElement\":[{\"@type\":\"ListItem\",\"position\":1,\"name\":\"Home\",\"item\":\"https:\\\/\\\/jumandeadsea.com\\\/fr\\\/\"},{\"@type\":\"ListItem\",\"position\":2,\"name\":\"Boutique\",\"item\":\"https:\\\/\\\/jumandeadsea.com\\\/shop\\\/\"},{\"@type\":\"ListItem\",\"position\":3,\"name\":\"Cr\u00c8me De Sommeil Age Even Tone Aux Min\u00c9raux De La Mer Morte\"}]},{\"@type\":\"WebSite\",\"@id\":\"https:\\\/\\\/jumandeadsea.com\\\/fr\\\/#website\",\"url\":\"https:\\\/\\\/jumandeadsea.com\\\/fr\\\/\",\"name\":\"Juman Dead Sea\",\"description\":\"Authentic Dead Sea Mineral Skincare for Sensitive, Healthy Skin\",\"potentialAction\":[{\"@type\":\"SearchAction\",\"target\":{\"@type\":\"EntryPoint\",\"urlTemplate\":\"https:\\\/\\\/jumandeadsea.com\\\/fr\\\/?s={search_term_string}\"},\"query-input\":{\"@type\":\"PropertyValueSpecification\",\"valueRequired\":true,\"valueName\":\"search_term_string\"}}],\"inLanguage\":\"fr-FR\"}]}<\/script>\n<!-- \/ Yoast SEO plugin. -->","yoast_head_json":{"title":"CR\u00c8ME DE SOMMEIL AGE EVEN TONE AUX MIN\u00c9RAUX DE LA MER MORTE - Juman Dead Sea","robots":{"index":"index","follow":"follow","max-snippet":"max-snippet:-1","max-image-preview":"max-image-preview:large","max-video-preview":"max-video-preview:-1"},"canonical":"https:\/\/jumandeadsea.com\/fr\/produit\/creme-de-sommeil-age-even-tone-aux-mineraux-de-la-mer-morte\/","og_locale":"fr_FR","og_type":"article","og_title":"CR\u00c8ME DE SOMMEIL AGE EVEN TONE AUX MIN\u00c9RAUX DE LA MER MORTE - Juman Dead Sea","og_description":"Cette cr\u00e8me de nuit ou de sommeil est parsem\u00e9e d'ingr\u00e9dients tendres et magiques qui gardent votre peau hydrat\u00e9e, douce et souple - tout \u00e0 la fois. Comme si cela ne suffisait pas, elle r\u00e9pare \u00e9galement votre peau lorsque vous dormez profond\u00e9ment et vous fait para\u00eetre miraculeusement plus jeune en att\u00e9nuant les irr\u00e9gularit\u00e9s de votre teint.","og_url":"https:\/\/jumandeadsea.com\/fr\/produit\/creme-de-sommeil-age-even-tone-aux-mineraux-de-la-mer-morte\/","og_site_name":"Juman Dead Sea","twitter_card":"summary_large_image","twitter_misc":{"Dur\u00e9e de lecture estim\u00e9e":"2 minutes"},"schema":{"@context":"https:\/\/schema.org","@graph":[{"@type":"WebPage","@id":"https:\/\/jumandeadsea.com\/fr\/produit\/creme-de-sommeil-age-even-tone-aux-mineraux-de-la-mer-morte\/","url":"https:\/\/jumandeadsea.com\/fr\/produit\/creme-de-sommeil-age-even-tone-aux-mineraux-de-la-mer-morte\/","name":"CR\u00c8ME DE SOMMEIL AGE EVEN TONE AUX MIN\u00c9RAUX DE LA MER MORTE - Juman Dead Sea","isPartOf":{"@id":"https:\/\/jumandeadsea.com\/fr\/#website"},"primaryImageOfPage":{"@id":"https:\/\/jumandeadsea.com\/fr\/produit\/creme-de-sommeil-age-even-tone-aux-mineraux-de-la-mer-morte\/#primaryimage"},"image":{"@id":"https:\/\/jumandeadsea.com\/fr\/produit\/creme-de-sommeil-age-even-tone-aux-mineraux-de-la-mer-morte\/#primaryimage"},"thumbnailUrl":"https:\/\/jumandeadsea.com\/wp-content\/uploads\/Age-Even-Tone_Back_box-bottle.png","datePublished":"2024-11-18T17:30:24+00:00","breadcrumb":{"@id":"https:\/\/jumandeadsea.com\/fr\/produit\/creme-de-sommeil-age-even-tone-aux-mineraux-de-la-mer-morte\/#breadcrumb"},"inLanguage":"fr-FR","potentialAction":[{"@type":"ReadAction","target":["https:\/\/jumandeadsea.com\/fr\/produit\/creme-de-sommeil-age-even-tone-aux-mineraux-de-la-mer-morte\/"]}]},{"@type":"ImageObject","inLanguage":"fr-FR","@id":"https:\/\/jumandeadsea.com\/fr\/produit\/creme-de-sommeil-age-even-tone-aux-mineraux-de-la-mer-morte\/#primaryimage","url":"https:\/\/jumandeadsea.com\/wp-content\/uploads\/Age-Even-Tone_Back_box-bottle.png","contentUrl":"https:\/\/jumandeadsea.com\/wp-content\/uploads\/Age-Even-Tone_Back_box-bottle.png","width":1500,"height":1500},{"@type":"BreadcrumbList","@id":"https:\/\/jumandeadsea.com\/fr\/produit\/creme-de-sommeil-age-even-tone-aux-mineraux-de-la-mer-morte\/#breadcrumb","itemListElement":[{"@type":"ListItem","position":1,"name":"Home","item":"https:\/\/jumandeadsea.com\/fr\/"},{"@type":"ListItem","position":2,"name":"Boutique","item":"https:\/\/jumandeadsea.com\/shop\/"},{"@type":"ListItem","position":3,"name":"Cr\u00c8me De Sommeil Age Even Tone Aux Min\u00c9raux De La Mer Morte"}]},{"@type":"WebSite","@id":"https:\/\/jumandeadsea.com\/fr\/#website","url":"https:\/\/jumandeadsea.com\/fr\/","name":"Juman Dead Sea","description":"Authentic Dead Sea Mineral Skincare for Sensitive, Healthy Skin","potentialAction":[{"@type":"SearchAction","target":{"@type":"EntryPoint","urlTemplate":"https:\/\/jumandeadsea.com\/fr\/?s={search_term_string}"},"query-input":{"@type":"PropertyValueSpecification","valueRequired":true,"valueName":"search_term_string"}}],"inLanguage":"fr-FR"}]}},"_links":{"self":[{"href":"https:\/\/jumandeadsea.com\/fr\/wp-json\/wp\/v2\/product\/326624","targetHints":{"allow":["GET"]}}],"collection":[{"href":"https:\/\/jumandeadsea.com\/fr\/wp-json\/wp\/v2\/product"}],"about":[{"href":"https:\/\/jumandeadsea.com\/fr\/wp-json\/wp\/v2\/types\/product"}],"replies":[{"embeddable":true,"href":"https:\/\/jumandeadsea.com\/fr\/wp-json\/wp\/v2\/comments?post=326624"}],"wp:featuredmedia":[{"embeddable":true,"href":"https:\/\/jumandeadsea.com\/fr\/wp-json\/wp\/v2\/media\/1394"}],"wp:attachment":[{"href":"https:\/\/jumandeadsea.com\/fr\/wp-json\/wp\/v2\/media?parent=326624"}],"wp:term":[{"taxonomy":"product_brand","embeddable":true,"href":"https:\/\/jumandeadsea.com\/fr\/wp-json\/wp\/v2\/product_brand?post=326624"},{"taxonomy":"product_cat","embeddable":true,"href":"https:\/\/jumandeadsea.com\/fr\/wp-json\/wp\/v2\/product_cat?post=326624"},{"taxonomy":"product_tag","embeddable":true,"href":"https:\/\/jumandeadsea.com\/fr\/wp-json\/wp\/v2\/product_tag?post=326624"}],"curies":[{"name":"wp","href":"https:\/\/api.w.org\/{rel}","templated":true}]}}