{"id":326623,"date":"2024-11-18T17:30:24","date_gmt":"2024-11-18T17:30:24","guid":{"rendered":"https:\/\/jumandeadsea.com\/product\/creme-anti-acne-aux-mineraux-de-la-mer-morte\/"},"modified":"2024-11-18T17:30:24","modified_gmt":"2024-11-18T17:30:24","slug":"creme-anti-acne-aux-mineraux-de-la-mer-morte","status":"publish","type":"product","link":"https:\/\/jumandeadsea.com\/fr\/produit\/creme-anti-acne-aux-mineraux-de-la-mer-morte\/","title":{"rendered":"Cr\u00c8me Anti-acn\u00c9 Aux Min\u00c9raux De La Mer Morte"},"content":{"rendered":"\n    <div class=\"shortcode-accordion\">\n        <h3 class=\"accordion-header\">Ingr\u00e9dients<\/h3>\n        <div class=\"accordion-content\" style=\"display: none;\">\n            \n<p>Huile de feuille de Melaleuca Alternifolia (arbre \u00e0 th\u00e9), extrait de feuille de Rosmarinus Officinalis (romarin), extrait de fleur de Chamomilla Recutita (camomille), jus de feuille d&rsquo;Aloe Barbadensis (Aloe Vera), tocoph\u00e9rol (vitamine E), Maris Sal (sel de la mer morte), acide salicylique, oxyde de zinc.<\/p>\n<ul>\n<li><em>Sel de la mer Morte<\/em>: il poss\u00e8de de merveilleuses propri\u00e9t\u00e9s antifongiques, antimicrobiennes et antibact\u00e9riennes qui aident \u00e0 nettoyer et \u00e0 d\u00e9sintoxiquer les pores en chassant les huiles, la salet\u00e9 et les autres impuret\u00e9s. Cela permet d&rsquo;\u00e9liminer l&rsquo;acn\u00e9, les boutons, les points noirs et les points blancs. <\/li>\n<li><em>Huile de feuilles d&rsquo;arbre \u00e0 th\u00e9 : <\/em>utilis\u00e9e pour traiter l&rsquo;acn\u00e9 et les imperfections, il est \u00e9galement prouv\u00e9 qu&rsquo;elle traite les infections fongiques de la peau et d&rsquo;autres affections cutan\u00e9es.<\/li>\n<li><em>Extrait de feuilles de romarin :<\/em> contient des nutriments qui peuvent aider \u00e0 prot\u00e9ger les cellules de la peau des dommages souvent caus\u00e9s par le soleil et les radicaux libres.<\/li>\n<li><em>Extrait de camomille : <\/em>poss\u00e8de d&rsquo;excellentes capacit\u00e9s \u00e0 neutraliser les irritants cutan\u00e9s, en plus de ses propri\u00e9t\u00e9s antibact\u00e9riennes et hypoallerg\u00e9niques qui aident \u00e0 soulager de nombreuses affections cutan\u00e9es associ\u00e9es \u00e0 la peau grasse et \u00e0 l&rsquo;acn\u00e9.<\/li>\n<li><em>Jus de feuilles d&rsquo;aloe vera : <\/em>il poss\u00e8de des propri\u00e9t\u00e9s antibact\u00e9riennes qui peuvent aider \u00e0 contr\u00f4ler et \u00e0 r\u00e9duire les bact\u00e9ries responsables de l&rsquo;acn\u00e9.<\/li>\n<li><em>Vitamine E :<\/em> cette vitamine liposoluble peut \u00eatre absorb\u00e9e par la peau. C&rsquo;est un antioxydant b\u00e9n\u00e9fique qui aide \u00e0 r\u00e9duire les dommages caus\u00e9s par les UV et le soleil sur la peau.<\/li>\n<li><em>Acide salicylique : <\/em>aide \u00e0 r\u00e9duire l&rsquo;inflammation de l&rsquo;acn\u00e9, \u00e0 soulager l&rsquo;acn\u00e9 douloureuse, \u00e0 traiter la peau grasse qui favorise l&rsquo;acn\u00e9 et \u00e0 d\u00e9gager les pores obstru\u00e9s.<\/li>\n<li><em>Oxyde de zinc :<\/em> cr\u00e9e une barri\u00e8re protectrice et d\u00e9tourne les rayons UV de la peau. Il contribue \u00e9galement \u00e0 r\u00e9duire l&rsquo;acn\u00e9 en apaisant la peau et en att\u00e9nuant l&rsquo;inflammation.<\/li>\n<\/ul>\n<p>\n        <\/div>\n    <\/div><br \/>\n\n    <div class=\"shortcode-accordion\">\n        <h3 class=\"accordion-header\">Mode d&#039;emploi :<\/h3>\n        <div class=\"accordion-content\" style=\"display: none;\">\n            <\/p>\n<p>Appliquez sur la zone concern\u00e9e deux fois par jour, puis une fois par jour si n\u00e9cessaire.<\/p>\n<p>\n        <\/div>\n    <\/div><br \/>\n\n    <div class=\"shortcode-accordion\">\n        <h3 class=\"accordion-header\">Informations sur le produit<\/h3>\n        <div class=\"accordion-content\" style=\"display: none;\">\n            \n        <\/div>\n    <\/div><\/p>\n<p>&#8211; <b> CPNP : <\/b>2100758<br \/>\n&#8211; <b> Poids : <\/b>80ml<\/p>\n","protected":false},"excerpt":{"rendered":"<p>Dites adieu \u00e0 l&rsquo;acn\u00e9 et \u00e0 ses cicatrices tenaces qui refusent de laisser votre peau respirer. Les min\u00e9raux de la mer Morte contenus dans cette cr\u00e8me sont une aubaine pour gu\u00e9rir et combattre les imperfections d&rsquo;un seul coup. C&rsquo;est \u00e9galement un excellent hydratant qui maintient votre peau hydrat\u00e9e sans la laisser grasse.  <\/p>\n","protected":false},"featured_media":1476,"comment_status":"open","ping_status":"closed","template":"","meta":{"_et_pb_use_builder":"off","_et_pb_old_content":"[accordion title=\"Ingr\u00e9dients\"]\n\nHuile de feuille de Melaleuca Alternifolia (arbre \u00e0 th\u00e9), extrait de feuille de Rosmarinus Officinalis (romarin), extrait de fleur de Chamomilla Recutita (camomille), jus de feuille d'Aloe Barbadensis (Aloe Vera), tocoph\u00e9rol (vitamine E), Maris Sal (sel de la mer morte), acide salicylique, oxyde de zinc.\n<ul>\n \t<li><em>Sel de la mer Morte<\/em>: il poss\u00e8de de merveilleuses propri\u00e9t\u00e9s antifongiques, antimicrobiennes et antibact\u00e9riennes qui aident \u00e0 nettoyer et \u00e0 d\u00e9sintoxiquer les pores en chassant les huiles, la salet\u00e9 et les autres impuret\u00e9s. Cela permet d'\u00e9liminer l'acn\u00e9, les boutons, les points noirs et les points blancs. <\/li>\n \t<li><em>Huile de feuilles d'arbre \u00e0 th\u00e9 : <\/em>utilis\u00e9e pour traiter l'acn\u00e9 et les imperfections, il est \u00e9galement prouv\u00e9 qu'elle traite les infections fongiques de la peau et d'autres affections cutan\u00e9es.<\/li>\n \t<li><em>Extrait de feuilles de romarin :<\/em> contient des nutriments qui peuvent aider \u00e0 prot\u00e9ger les cellules de la peau des dommages souvent caus\u00e9s par le soleil et les radicaux libres.<\/li>\n \t<li><em>Extrait de camomille : <\/em>poss\u00e8de d'excellentes capacit\u00e9s \u00e0 neutraliser les irritants cutan\u00e9s, en plus de ses propri\u00e9t\u00e9s antibact\u00e9riennes et hypoallerg\u00e9niques qui aident \u00e0 soulager de nombreuses affections cutan\u00e9es associ\u00e9es \u00e0 la peau grasse et \u00e0 l'acn\u00e9.<\/li>\n \t<li><em>Jus de feuilles d'aloe vera : <\/em>il poss\u00e8de des propri\u00e9t\u00e9s antibact\u00e9riennes qui peuvent aider \u00e0 contr\u00f4ler et \u00e0 r\u00e9duire les bact\u00e9ries responsables de l'acn\u00e9.<\/li>\n \t<li><em>Vitamine E :<\/em> cette vitamine liposoluble peut \u00eatre absorb\u00e9e par la peau. C'est un antioxydant b\u00e9n\u00e9fique qui aide \u00e0 r\u00e9duire les dommages caus\u00e9s par les UV et le soleil sur la peau.<\/li>\n \t<li><em>Acide salicylique : <\/em>aide \u00e0 r\u00e9duire l'inflammation de l'acn\u00e9, \u00e0 soulager l'acn\u00e9 douloureuse, \u00e0 traiter la peau grasse qui favorise l'acn\u00e9 et \u00e0 d\u00e9gager les pores obstru\u00e9s.<\/li>\n \t<li><em>Oxyde de zinc :<\/em> cr\u00e9e une barri\u00e8re protectrice et d\u00e9tourne les rayons UV de la peau. Il contribue \u00e9galement \u00e0 r\u00e9duire l'acn\u00e9 en apaisant la peau et en att\u00e9nuant l'inflammation.<\/li>\n<\/ul>\n[\/accordion]\n[accordion title=\"Mode d'emploi :\"]\n\nAppliquez sur la zone concern\u00e9e deux fois par jour, puis une fois par jour si n\u00e9cessaire.\n\n[\/accordion]\n[accordion title=\"Informations sur le produit\"]\n\n- <b> CPNP : <\/b>2100758\n- <b> Poids : <\/b>80ml","_et_gb_content_width":""},"product_brand":[],"product_cat":[102],"product_tag":[],"class_list":{"0":"post-326623","1":"product","2":"type-product","3":"status-publish","4":"has-post-thumbnail","6":"product_cat-soins-du-visage","8":"first","9":"instock","10":"shipping-taxable","11":"purchasable","12":"product-type-simple"},"yoast_head":"<!-- This site is optimized with the Yoast SEO plugin v27.3 - https:\/\/yoast.com\/product\/yoast-seo-wordpress\/ -->\n<title>CR\u00c8ME ANTI-ACN\u00c9 AUX MIN\u00c9RAUX DE LA MER MORTE - Juman Dead Sea<\/title>\n<meta name=\"robots\" content=\"index, follow, max-snippet:-1, max-image-preview:large, max-video-preview:-1\" \/>\n<link rel=\"canonical\" href=\"https:\/\/jumandeadsea.com\/fr\/produit\/creme-anti-acne-aux-mineraux-de-la-mer-morte\/\" \/>\n<meta property=\"og:locale\" content=\"fr_FR\" \/>\n<meta property=\"og:type\" content=\"article\" \/>\n<meta property=\"og:title\" content=\"CR\u00c8ME ANTI-ACN\u00c9 AUX MIN\u00c9RAUX DE LA MER MORTE - Juman Dead Sea\" \/>\n<meta property=\"og:description\" content=\"Dites adieu \u00e0 l&#039;acn\u00e9 et \u00e0 ses cicatrices tenaces qui refusent de laisser votre peau respirer. Les min\u00e9raux de la mer Morte contenus dans cette cr\u00e8me sont une aubaine pour gu\u00e9rir et combattre les imperfections d&#039;un seul coup. C&#039;est \u00e9galement un excellent hydratant qui maintient votre peau hydrat\u00e9e sans la laisser grasse.\" \/>\n<meta property=\"og:url\" content=\"https:\/\/jumandeadsea.com\/fr\/produit\/creme-anti-acne-aux-mineraux-de-la-mer-morte\/\" \/>\n<meta property=\"og:site_name\" content=\"Juman Dead Sea\" \/>\n<meta name=\"twitter:card\" content=\"summary_large_image\" \/>\n<meta name=\"twitter:label1\" content=\"Dur\u00e9e de lecture estim\u00e9e\" \/>\n\t<meta name=\"twitter:data1\" content=\"2 minutes\" \/>\n<script type=\"application\/ld+json\" class=\"yoast-schema-graph\">{\"@context\":\"https:\\\/\\\/schema.org\",\"@graph\":[{\"@type\":\"WebPage\",\"@id\":\"https:\\\/\\\/jumandeadsea.com\\\/fr\\\/produit\\\/creme-anti-acne-aux-mineraux-de-la-mer-morte\\\/\",\"url\":\"https:\\\/\\\/jumandeadsea.com\\\/fr\\\/produit\\\/creme-anti-acne-aux-mineraux-de-la-mer-morte\\\/\",\"name\":\"CR\u00c8ME ANTI-ACN\u00c9 AUX MIN\u00c9RAUX DE LA MER MORTE - Juman Dead Sea\",\"isPartOf\":{\"@id\":\"https:\\\/\\\/jumandeadsea.com\\\/fr\\\/#website\"},\"primaryImageOfPage\":{\"@id\":\"https:\\\/\\\/jumandeadsea.com\\\/fr\\\/produit\\\/creme-anti-acne-aux-mineraux-de-la-mer-morte\\\/#primaryimage\"},\"image\":{\"@id\":\"https:\\\/\\\/jumandeadsea.com\\\/fr\\\/produit\\\/creme-anti-acne-aux-mineraux-de-la-mer-morte\\\/#primaryimage\"},\"thumbnailUrl\":\"https:\\\/\\\/jumandeadsea.com\\\/wp-content\\\/uploads\\\/acne-cream_bottle-box.png\",\"datePublished\":\"2024-11-18T17:30:24+00:00\",\"breadcrumb\":{\"@id\":\"https:\\\/\\\/jumandeadsea.com\\\/fr\\\/produit\\\/creme-anti-acne-aux-mineraux-de-la-mer-morte\\\/#breadcrumb\"},\"inLanguage\":\"fr-FR\",\"potentialAction\":[{\"@type\":\"ReadAction\",\"target\":[\"https:\\\/\\\/jumandeadsea.com\\\/fr\\\/produit\\\/creme-anti-acne-aux-mineraux-de-la-mer-morte\\\/\"]}]},{\"@type\":\"ImageObject\",\"inLanguage\":\"fr-FR\",\"@id\":\"https:\\\/\\\/jumandeadsea.com\\\/fr\\\/produit\\\/creme-anti-acne-aux-mineraux-de-la-mer-morte\\\/#primaryimage\",\"url\":\"https:\\\/\\\/jumandeadsea.com\\\/wp-content\\\/uploads\\\/acne-cream_bottle-box.png\",\"contentUrl\":\"https:\\\/\\\/jumandeadsea.com\\\/wp-content\\\/uploads\\\/acne-cream_bottle-box.png\",\"width\":1500,\"height\":1500},{\"@type\":\"BreadcrumbList\",\"@id\":\"https:\\\/\\\/jumandeadsea.com\\\/fr\\\/produit\\\/creme-anti-acne-aux-mineraux-de-la-mer-morte\\\/#breadcrumb\",\"itemListElement\":[{\"@type\":\"ListItem\",\"position\":1,\"name\":\"Home\",\"item\":\"https:\\\/\\\/jumandeadsea.com\\\/fr\\\/\"},{\"@type\":\"ListItem\",\"position\":2,\"name\":\"Boutique\",\"item\":\"https:\\\/\\\/jumandeadsea.com\\\/shop\\\/\"},{\"@type\":\"ListItem\",\"position\":3,\"name\":\"Cr\u00c8me Anti-acn\u00c9 Aux Min\u00c9raux De La Mer Morte\"}]},{\"@type\":\"WebSite\",\"@id\":\"https:\\\/\\\/jumandeadsea.com\\\/fr\\\/#website\",\"url\":\"https:\\\/\\\/jumandeadsea.com\\\/fr\\\/\",\"name\":\"Juman Dead Sea\",\"description\":\"Authentic Dead Sea Mineral Skincare for Sensitive, Healthy Skin\",\"potentialAction\":[{\"@type\":\"SearchAction\",\"target\":{\"@type\":\"EntryPoint\",\"urlTemplate\":\"https:\\\/\\\/jumandeadsea.com\\\/fr\\\/?s={search_term_string}\"},\"query-input\":{\"@type\":\"PropertyValueSpecification\",\"valueRequired\":true,\"valueName\":\"search_term_string\"}}],\"inLanguage\":\"fr-FR\"}]}<\/script>\n<!-- \/ Yoast SEO plugin. -->","yoast_head_json":{"title":"CR\u00c8ME ANTI-ACN\u00c9 AUX MIN\u00c9RAUX DE LA MER MORTE - Juman Dead Sea","robots":{"index":"index","follow":"follow","max-snippet":"max-snippet:-1","max-image-preview":"max-image-preview:large","max-video-preview":"max-video-preview:-1"},"canonical":"https:\/\/jumandeadsea.com\/fr\/produit\/creme-anti-acne-aux-mineraux-de-la-mer-morte\/","og_locale":"fr_FR","og_type":"article","og_title":"CR\u00c8ME ANTI-ACN\u00c9 AUX MIN\u00c9RAUX DE LA MER MORTE - Juman Dead Sea","og_description":"Dites adieu \u00e0 l'acn\u00e9 et \u00e0 ses cicatrices tenaces qui refusent de laisser votre peau respirer. Les min\u00e9raux de la mer Morte contenus dans cette cr\u00e8me sont une aubaine pour gu\u00e9rir et combattre les imperfections d'un seul coup. C'est \u00e9galement un excellent hydratant qui maintient votre peau hydrat\u00e9e sans la laisser grasse.","og_url":"https:\/\/jumandeadsea.com\/fr\/produit\/creme-anti-acne-aux-mineraux-de-la-mer-morte\/","og_site_name":"Juman Dead Sea","twitter_card":"summary_large_image","twitter_misc":{"Dur\u00e9e de lecture estim\u00e9e":"2 minutes"},"schema":{"@context":"https:\/\/schema.org","@graph":[{"@type":"WebPage","@id":"https:\/\/jumandeadsea.com\/fr\/produit\/creme-anti-acne-aux-mineraux-de-la-mer-morte\/","url":"https:\/\/jumandeadsea.com\/fr\/produit\/creme-anti-acne-aux-mineraux-de-la-mer-morte\/","name":"CR\u00c8ME ANTI-ACN\u00c9 AUX MIN\u00c9RAUX DE LA MER MORTE - Juman Dead Sea","isPartOf":{"@id":"https:\/\/jumandeadsea.com\/fr\/#website"},"primaryImageOfPage":{"@id":"https:\/\/jumandeadsea.com\/fr\/produit\/creme-anti-acne-aux-mineraux-de-la-mer-morte\/#primaryimage"},"image":{"@id":"https:\/\/jumandeadsea.com\/fr\/produit\/creme-anti-acne-aux-mineraux-de-la-mer-morte\/#primaryimage"},"thumbnailUrl":"https:\/\/jumandeadsea.com\/wp-content\/uploads\/acne-cream_bottle-box.png","datePublished":"2024-11-18T17:30:24+00:00","breadcrumb":{"@id":"https:\/\/jumandeadsea.com\/fr\/produit\/creme-anti-acne-aux-mineraux-de-la-mer-morte\/#breadcrumb"},"inLanguage":"fr-FR","potentialAction":[{"@type":"ReadAction","target":["https:\/\/jumandeadsea.com\/fr\/produit\/creme-anti-acne-aux-mineraux-de-la-mer-morte\/"]}]},{"@type":"ImageObject","inLanguage":"fr-FR","@id":"https:\/\/jumandeadsea.com\/fr\/produit\/creme-anti-acne-aux-mineraux-de-la-mer-morte\/#primaryimage","url":"https:\/\/jumandeadsea.com\/wp-content\/uploads\/acne-cream_bottle-box.png","contentUrl":"https:\/\/jumandeadsea.com\/wp-content\/uploads\/acne-cream_bottle-box.png","width":1500,"height":1500},{"@type":"BreadcrumbList","@id":"https:\/\/jumandeadsea.com\/fr\/produit\/creme-anti-acne-aux-mineraux-de-la-mer-morte\/#breadcrumb","itemListElement":[{"@type":"ListItem","position":1,"name":"Home","item":"https:\/\/jumandeadsea.com\/fr\/"},{"@type":"ListItem","position":2,"name":"Boutique","item":"https:\/\/jumandeadsea.com\/shop\/"},{"@type":"ListItem","position":3,"name":"Cr\u00c8me Anti-acn\u00c9 Aux Min\u00c9raux De La Mer Morte"}]},{"@type":"WebSite","@id":"https:\/\/jumandeadsea.com\/fr\/#website","url":"https:\/\/jumandeadsea.com\/fr\/","name":"Juman Dead Sea","description":"Authentic Dead Sea Mineral Skincare for Sensitive, Healthy Skin","potentialAction":[{"@type":"SearchAction","target":{"@type":"EntryPoint","urlTemplate":"https:\/\/jumandeadsea.com\/fr\/?s={search_term_string}"},"query-input":{"@type":"PropertyValueSpecification","valueRequired":true,"valueName":"search_term_string"}}],"inLanguage":"fr-FR"}]}},"_links":{"self":[{"href":"https:\/\/jumandeadsea.com\/fr\/wp-json\/wp\/v2\/product\/326623","targetHints":{"allow":["GET"]}}],"collection":[{"href":"https:\/\/jumandeadsea.com\/fr\/wp-json\/wp\/v2\/product"}],"about":[{"href":"https:\/\/jumandeadsea.com\/fr\/wp-json\/wp\/v2\/types\/product"}],"replies":[{"embeddable":true,"href":"https:\/\/jumandeadsea.com\/fr\/wp-json\/wp\/v2\/comments?post=326623"}],"wp:featuredmedia":[{"embeddable":true,"href":"https:\/\/jumandeadsea.com\/fr\/wp-json\/wp\/v2\/media\/1476"}],"wp:attachment":[{"href":"https:\/\/jumandeadsea.com\/fr\/wp-json\/wp\/v2\/media?parent=326623"}],"wp:term":[{"taxonomy":"product_brand","embeddable":true,"href":"https:\/\/jumandeadsea.com\/fr\/wp-json\/wp\/v2\/product_brand?post=326623"},{"taxonomy":"product_cat","embeddable":true,"href":"https:\/\/jumandeadsea.com\/fr\/wp-json\/wp\/v2\/product_cat?post=326623"},{"taxonomy":"product_tag","embeddable":true,"href":"https:\/\/jumandeadsea.com\/fr\/wp-json\/wp\/v2\/product_tag?post=326623"}],"curies":[{"name":"wp","href":"https:\/\/api.w.org\/{rel}","templated":true}]}}