{"id":326622,"date":"2024-11-18T17:30:22","date_gmt":"2024-11-18T17:30:22","guid":{"rendered":"https:\/\/jumandeadsea.com\/product\/gommage-corporel-aux-baies-dacai-enrichi-de-mineraux-de-la-mer-morte\/"},"modified":"2024-11-18T17:30:22","modified_gmt":"2024-11-18T17:30:22","slug":"gommage-corporel-aux-baies-dacai-enrichi-de-mineraux-de-la-mer-morte","status":"publish","type":"product","link":"https:\/\/jumandeadsea.com\/fr\/produit\/gommage-corporel-aux-baies-dacai-enrichi-de-mineraux-de-la-mer-morte\/","title":{"rendered":"Gommage Corporel Aux Baies D&rsquo;a\u00e7ai Enrichi De Min\u00e9raux De La Mer Morte"},"content":{"rendered":"\n    <div class=\"shortcode-accordion\">\n        <h3 class=\"accordion-header\">Ingr\u00e9dients<\/h3>\n        <div class=\"accordion-content\" style=\"display: none;\">\n            \n<p>Maris Sal (sel de la mer morte), Helianthus Annuus (huile de graines de tournesol), Aloe Barbadensis (huile de feuilles d&rsquo;Aloe Vera), Theobroma Cacao (beurre de cacao), Argania Spinosa (huile de noyaux d&rsquo;argan), Poudre d&rsquo;a\u00e7a\u00ef (Euterpe Oleracea), Butyrospermum Parkii (beurre de karit\u00e9), Prunus Amygdalus Dulcis (huile d&rsquo;amande douce), Vitis Vinifera (huile de p\u00e9pins de raisin), Tocoph\u00e9rol (vitamine E).<\/p>\n<ul>\n<li><em>Maris Sal (sel de la mer morte) :<\/em> Les sels organiques riches en magn\u00e9sium am\u00e9liorent l&rsquo;hydratation de la peau et r\u00e9duisent l&rsquo;inflammation des peaux s\u00e8ches.<\/li>\n<li><em>Helianthus Annuus (Sunflower) Seed Oil :<\/em> une grande source de vitamine E, riche en nutriments et en antioxydants, efficace pour combattre les probl\u00e8mes de peau. Elle poss\u00e8de \u00e9galement des propri\u00e9t\u00e9s \u00e9mollientes qui aident la peau \u00e0 conserver son hydratation.<\/li>\n<li><em>Huile de feuilles d&rsquo;aloe vera :<\/em> elle poss\u00e8de de puissantes propri\u00e9t\u00e9s curatives qui se sont av\u00e9r\u00e9es efficaces pour traiter les coups de soleil et r\u00e9duire la visibilit\u00e9 des cicatrices ; elle sert \u00e9galement d&rsquo;agent hydratant.<\/li>\n<li><em>Beurre de cacao :<\/em> il contient de grandes quantit\u00e9s d&rsquo;antioxydants qui aident \u00e0 r\u00e9parer la peau des dommages caus\u00e9s par le soleil et le vieillissement ; il apaise \u00e9galement les rougeurs et les imperfections.<\/li>\n<li><em>Huile de noyau d&rsquo;argan : <\/em>huile riche en acides gras essentiels, elle nourrit la peau, prot\u00e8ge son \u00e9lasticit\u00e9 et r\u00e9duit l&rsquo;apparence des rides et ridules.<\/li>\n<li><em>Poudre d&rsquo;a\u00e7a\u00ef (Euterpe Oleracea) :<\/em> cette poudre riche en nutriments est charg\u00e9e d&rsquo;antioxydants qui combattent les signes du vieillissement. Elle est riche en vitamines A, B, C et E qui revitalisent votre peau, soignent les cellules cutan\u00e9es endommag\u00e9es et r\u00e9tablissent l&rsquo;hydratation.<\/li>\n<li><em>Beurre de karit\u00e9 : <\/em>excellent hydratant naturel pour le visage et le corps, il r\u00e9duit les rides et combat les signes de vieillissement, et restaure l&rsquo;\u00e9lasticit\u00e9 de la peau.<\/li>\n<li><em>Huile d&rsquo;amande douce :<\/em> une huile l\u00e9g\u00e8re respectueuse de la peau qui aide votre peau \u00e0 para\u00eetre lisse, douce et sans ridules.<\/li>\n<li><em>Huile de p\u00e9pins de raisin :<\/em> c&rsquo;est un hydratant tr\u00e8s l\u00e9ger qui est facilement absorb\u00e9 par la peau. Elle aide \u00e0 la gu\u00e9rison de l&rsquo;ecz\u00e9ma et de l&rsquo;acn\u00e9, car elle \u00e9quilibre les zones s\u00e8ches et grasses de la peau. <\/li>\n<li><em>Vitamine E :<\/em> cette vitamine liposoluble peut \u00eatre absorb\u00e9e par la peau. C&rsquo;est un antioxydant b\u00e9n\u00e9fique qui aide \u00e0 r\u00e9duire les dommages caus\u00e9s par les UV et le soleil sur la peau.<\/li>\n<\/ul>\n<p>\n        <\/div>\n    <\/div><br \/>\n\n    <div class=\"shortcode-accordion\">\n        <h3 class=\"accordion-header\">Mode d&#039;emploi :<\/h3>\n        <div class=\"accordion-content\" style=\"display: none;\">\n            <\/p>\n<p>M\u00e9langez d&rsquo;abord les produits \u00e9pluch\u00e9s. Appliquez g\u00e9n\u00e9reusement sur la zone du corps souhait\u00e9e (de pr\u00e9f\u00e9rence sur une peau s\u00e8che et propre). Massez doucement en effectuant des mouvements circulaires, laissez le gommage sur votre peau pendant quelques minutes puis rincez \u00e0 l&rsquo;eau ti\u00e8de. Il est recommand\u00e9 de l&rsquo;utiliser 1 \u00e0 2 fois par semaine.   <\/p>\n<p>\n        <\/div>\n    <\/div><br \/>\n\n    <div class=\"shortcode-accordion\">\n        <h3 class=\"accordion-header\">Informations sur le produit<\/h3>\n        <div class=\"accordion-content\" style=\"display: none;\">\n            <\/p>\n<p>&#8211; CPNP : 3510457<br \/>\n&#8211; Poids : 325gm<br \/>\n\n        <\/div>\n    <\/div><\/p>\n","protected":false},"excerpt":{"rendered":"<p>Lib\u00e9rez le pouvoir des baies avec notre gommage aux min\u00e9raux de la mer Morte et \u00e0 l&rsquo;extrait d&rsquo;a\u00e7a\u00ef. Gr\u00e2ce aux bienfaits des huiles essentielles telles que l&rsquo;huile d&rsquo;amande douce, l&rsquo;huile de tournesol et l&rsquo;huile de p\u00e9pins de raisin, ce gommage aide \u00e0 restaurer l&rsquo;\u00e9lasticit\u00e9 de la peau, \u00e0 \u00e9liminer les cellules mortes et \u00e0 rajeunir les peaux ternes pour leur donner un \u00e9clat de jeunesse. <\/p>\n","protected":false},"featured_media":1780,"comment_status":"open","ping_status":"closed","template":"","meta":{"_et_pb_use_builder":"","_et_pb_old_content":"","_et_gb_content_width":""},"product_brand":[],"product_cat":[101,99],"product_tag":[],"class_list":{"0":"post-326622","1":"product","2":"type-product","3":"status-publish","4":"has-post-thumbnail","6":"product_cat-gommages-corporels","7":"product_cat-soins-du-corps","9":"first","10":"instock","11":"shipping-taxable","12":"purchasable","13":"product-type-simple"},"yoast_head":"<!-- This site is optimized with the Yoast SEO plugin v27.3 - https:\/\/yoast.com\/product\/yoast-seo-wordpress\/ -->\n<title>Gommage corporel aux baies d&#039;a\u00e7ai enrichi de min\u00e9raux de la mer morte - Juman Dead Sea<\/title>\n<meta name=\"robots\" content=\"index, follow, max-snippet:-1, max-image-preview:large, max-video-preview:-1\" \/>\n<link rel=\"canonical\" href=\"https:\/\/jumandeadsea.com\/fr\/produit\/gommage-corporel-aux-baies-dacai-enrichi-de-mineraux-de-la-mer-morte\/\" \/>\n<meta property=\"og:locale\" content=\"fr_FR\" \/>\n<meta property=\"og:type\" content=\"article\" \/>\n<meta property=\"og:title\" content=\"Gommage corporel aux baies d&#039;a\u00e7ai enrichi de min\u00e9raux de la mer morte - Juman Dead Sea\" \/>\n<meta property=\"og:description\" content=\"Lib\u00e9rez le pouvoir des baies avec notre gommage aux min\u00e9raux de la mer Morte et \u00e0 l&#039;extrait d&#039;a\u00e7a\u00ef. Gr\u00e2ce aux bienfaits des huiles essentielles telles que l&#039;huile d&#039;amande douce, l&#039;huile de tournesol et l&#039;huile de p\u00e9pins de raisin, ce gommage aide \u00e0 restaurer l&#039;\u00e9lasticit\u00e9 de la peau, \u00e0 \u00e9liminer les cellules mortes et \u00e0 rajeunir les peaux ternes pour leur donner un \u00e9clat de jeunesse.\" \/>\n<meta property=\"og:url\" content=\"https:\/\/jumandeadsea.com\/fr\/produit\/gommage-corporel-aux-baies-dacai-enrichi-de-mineraux-de-la-mer-morte\/\" \/>\n<meta property=\"og:site_name\" content=\"Juman Dead Sea\" \/>\n<meta property=\"og:image\" content=\"https:\/\/jumandeadsea.com\/wp-content\/uploads\/ACAI-BERRY-_FRONT.png\" \/>\n\t<meta property=\"og:image:width\" content=\"1600\" \/>\n\t<meta property=\"og:image:height\" content=\"1600\" \/>\n\t<meta property=\"og:image:type\" content=\"image\/png\" \/>\n<meta name=\"twitter:card\" content=\"summary_large_image\" \/>\n<meta name=\"twitter:label1\" content=\"Dur\u00e9e de lecture estim\u00e9e\" \/>\n\t<meta name=\"twitter:data1\" content=\"2 minutes\" \/>\n<script type=\"application\/ld+json\" class=\"yoast-schema-graph\">{\"@context\":\"https:\\\/\\\/schema.org\",\"@graph\":[{\"@type\":\"WebPage\",\"@id\":\"https:\\\/\\\/jumandeadsea.com\\\/fr\\\/produit\\\/gommage-corporel-aux-baies-dacai-enrichi-de-mineraux-de-la-mer-morte\\\/\",\"url\":\"https:\\\/\\\/jumandeadsea.com\\\/fr\\\/produit\\\/gommage-corporel-aux-baies-dacai-enrichi-de-mineraux-de-la-mer-morte\\\/\",\"name\":\"Gommage corporel aux baies d'a\u00e7ai enrichi de min\u00e9raux de la mer morte - Juman Dead Sea\",\"isPartOf\":{\"@id\":\"https:\\\/\\\/jumandeadsea.com\\\/fr\\\/#website\"},\"primaryImageOfPage\":{\"@id\":\"https:\\\/\\\/jumandeadsea.com\\\/fr\\\/produit\\\/gommage-corporel-aux-baies-dacai-enrichi-de-mineraux-de-la-mer-morte\\\/#primaryimage\"},\"image\":{\"@id\":\"https:\\\/\\\/jumandeadsea.com\\\/fr\\\/produit\\\/gommage-corporel-aux-baies-dacai-enrichi-de-mineraux-de-la-mer-morte\\\/#primaryimage\"},\"thumbnailUrl\":\"https:\\\/\\\/jumandeadsea.com\\\/wp-content\\\/uploads\\\/ACAI-BERRY-_FRONT.png\",\"datePublished\":\"2024-11-18T17:30:22+00:00\",\"breadcrumb\":{\"@id\":\"https:\\\/\\\/jumandeadsea.com\\\/fr\\\/produit\\\/gommage-corporel-aux-baies-dacai-enrichi-de-mineraux-de-la-mer-morte\\\/#breadcrumb\"},\"inLanguage\":\"fr-FR\",\"potentialAction\":[{\"@type\":\"ReadAction\",\"target\":[\"https:\\\/\\\/jumandeadsea.com\\\/fr\\\/produit\\\/gommage-corporel-aux-baies-dacai-enrichi-de-mineraux-de-la-mer-morte\\\/\"]}]},{\"@type\":\"ImageObject\",\"inLanguage\":\"fr-FR\",\"@id\":\"https:\\\/\\\/jumandeadsea.com\\\/fr\\\/produit\\\/gommage-corporel-aux-baies-dacai-enrichi-de-mineraux-de-la-mer-morte\\\/#primaryimage\",\"url\":\"https:\\\/\\\/jumandeadsea.com\\\/wp-content\\\/uploads\\\/ACAI-BERRY-_FRONT.png\",\"contentUrl\":\"https:\\\/\\\/jumandeadsea.com\\\/wp-content\\\/uploads\\\/ACAI-BERRY-_FRONT.png\",\"width\":1600,\"height\":1600,\"caption\":\"Reveal radiant, smooth skin with Juman\u2019s Acai Berry Body Scrub \u2013 enriched with Dead Sea minerals and antioxidants.\"},{\"@type\":\"BreadcrumbList\",\"@id\":\"https:\\\/\\\/jumandeadsea.com\\\/fr\\\/produit\\\/gommage-corporel-aux-baies-dacai-enrichi-de-mineraux-de-la-mer-morte\\\/#breadcrumb\",\"itemListElement\":[{\"@type\":\"ListItem\",\"position\":1,\"name\":\"Home\",\"item\":\"https:\\\/\\\/jumandeadsea.com\\\/fr\\\/\"},{\"@type\":\"ListItem\",\"position\":2,\"name\":\"Boutique\",\"item\":\"https:\\\/\\\/jumandeadsea.com\\\/shop\\\/\"},{\"@type\":\"ListItem\",\"position\":3,\"name\":\"Gommage corporel aux baies d&#8217;a\u00e7ai enrichi de min\u00e9raux de la mer morte\"}]},{\"@type\":\"WebSite\",\"@id\":\"https:\\\/\\\/jumandeadsea.com\\\/fr\\\/#website\",\"url\":\"https:\\\/\\\/jumandeadsea.com\\\/fr\\\/\",\"name\":\"Juman Dead Sea\",\"description\":\"Authentic Dead Sea Mineral Skincare for Sensitive, Healthy Skin\",\"potentialAction\":[{\"@type\":\"SearchAction\",\"target\":{\"@type\":\"EntryPoint\",\"urlTemplate\":\"https:\\\/\\\/jumandeadsea.com\\\/fr\\\/?s={search_term_string}\"},\"query-input\":{\"@type\":\"PropertyValueSpecification\",\"valueRequired\":true,\"valueName\":\"search_term_string\"}}],\"inLanguage\":\"fr-FR\"}]}<\/script>\n<!-- \/ Yoast SEO plugin. -->","yoast_head_json":{"title":"Gommage corporel aux baies d'a\u00e7ai enrichi de min\u00e9raux de la mer morte - Juman Dead Sea","robots":{"index":"index","follow":"follow","max-snippet":"max-snippet:-1","max-image-preview":"max-image-preview:large","max-video-preview":"max-video-preview:-1"},"canonical":"https:\/\/jumandeadsea.com\/fr\/produit\/gommage-corporel-aux-baies-dacai-enrichi-de-mineraux-de-la-mer-morte\/","og_locale":"fr_FR","og_type":"article","og_title":"Gommage corporel aux baies d'a\u00e7ai enrichi de min\u00e9raux de la mer morte - Juman Dead Sea","og_description":"Lib\u00e9rez le pouvoir des baies avec notre gommage aux min\u00e9raux de la mer Morte et \u00e0 l'extrait d'a\u00e7a\u00ef. Gr\u00e2ce aux bienfaits des huiles essentielles telles que l'huile d'amande douce, l'huile de tournesol et l'huile de p\u00e9pins de raisin, ce gommage aide \u00e0 restaurer l'\u00e9lasticit\u00e9 de la peau, \u00e0 \u00e9liminer les cellules mortes et \u00e0 rajeunir les peaux ternes pour leur donner un \u00e9clat de jeunesse.","og_url":"https:\/\/jumandeadsea.com\/fr\/produit\/gommage-corporel-aux-baies-dacai-enrichi-de-mineraux-de-la-mer-morte\/","og_site_name":"Juman Dead Sea","og_image":[{"width":1600,"height":1600,"url":"https:\/\/jumandeadsea.com\/wp-content\/uploads\/ACAI-BERRY-_FRONT.png","type":"image\/png"}],"twitter_card":"summary_large_image","twitter_misc":{"Dur\u00e9e de lecture estim\u00e9e":"2 minutes"},"schema":{"@context":"https:\/\/schema.org","@graph":[{"@type":"WebPage","@id":"https:\/\/jumandeadsea.com\/fr\/produit\/gommage-corporel-aux-baies-dacai-enrichi-de-mineraux-de-la-mer-morte\/","url":"https:\/\/jumandeadsea.com\/fr\/produit\/gommage-corporel-aux-baies-dacai-enrichi-de-mineraux-de-la-mer-morte\/","name":"Gommage corporel aux baies d'a\u00e7ai enrichi de min\u00e9raux de la mer morte - Juman Dead Sea","isPartOf":{"@id":"https:\/\/jumandeadsea.com\/fr\/#website"},"primaryImageOfPage":{"@id":"https:\/\/jumandeadsea.com\/fr\/produit\/gommage-corporel-aux-baies-dacai-enrichi-de-mineraux-de-la-mer-morte\/#primaryimage"},"image":{"@id":"https:\/\/jumandeadsea.com\/fr\/produit\/gommage-corporel-aux-baies-dacai-enrichi-de-mineraux-de-la-mer-morte\/#primaryimage"},"thumbnailUrl":"https:\/\/jumandeadsea.com\/wp-content\/uploads\/ACAI-BERRY-_FRONT.png","datePublished":"2024-11-18T17:30:22+00:00","breadcrumb":{"@id":"https:\/\/jumandeadsea.com\/fr\/produit\/gommage-corporel-aux-baies-dacai-enrichi-de-mineraux-de-la-mer-morte\/#breadcrumb"},"inLanguage":"fr-FR","potentialAction":[{"@type":"ReadAction","target":["https:\/\/jumandeadsea.com\/fr\/produit\/gommage-corporel-aux-baies-dacai-enrichi-de-mineraux-de-la-mer-morte\/"]}]},{"@type":"ImageObject","inLanguage":"fr-FR","@id":"https:\/\/jumandeadsea.com\/fr\/produit\/gommage-corporel-aux-baies-dacai-enrichi-de-mineraux-de-la-mer-morte\/#primaryimage","url":"https:\/\/jumandeadsea.com\/wp-content\/uploads\/ACAI-BERRY-_FRONT.png","contentUrl":"https:\/\/jumandeadsea.com\/wp-content\/uploads\/ACAI-BERRY-_FRONT.png","width":1600,"height":1600,"caption":"Reveal radiant, smooth skin with Juman\u2019s Acai Berry Body Scrub \u2013 enriched with Dead Sea minerals and antioxidants."},{"@type":"BreadcrumbList","@id":"https:\/\/jumandeadsea.com\/fr\/produit\/gommage-corporel-aux-baies-dacai-enrichi-de-mineraux-de-la-mer-morte\/#breadcrumb","itemListElement":[{"@type":"ListItem","position":1,"name":"Home","item":"https:\/\/jumandeadsea.com\/fr\/"},{"@type":"ListItem","position":2,"name":"Boutique","item":"https:\/\/jumandeadsea.com\/shop\/"},{"@type":"ListItem","position":3,"name":"Gommage corporel aux baies d&#8217;a\u00e7ai enrichi de min\u00e9raux de la mer morte"}]},{"@type":"WebSite","@id":"https:\/\/jumandeadsea.com\/fr\/#website","url":"https:\/\/jumandeadsea.com\/fr\/","name":"Juman Dead Sea","description":"Authentic Dead Sea Mineral Skincare for Sensitive, Healthy Skin","potentialAction":[{"@type":"SearchAction","target":{"@type":"EntryPoint","urlTemplate":"https:\/\/jumandeadsea.com\/fr\/?s={search_term_string}"},"query-input":{"@type":"PropertyValueSpecification","valueRequired":true,"valueName":"search_term_string"}}],"inLanguage":"fr-FR"}]}},"_links":{"self":[{"href":"https:\/\/jumandeadsea.com\/fr\/wp-json\/wp\/v2\/product\/326622","targetHints":{"allow":["GET"]}}],"collection":[{"href":"https:\/\/jumandeadsea.com\/fr\/wp-json\/wp\/v2\/product"}],"about":[{"href":"https:\/\/jumandeadsea.com\/fr\/wp-json\/wp\/v2\/types\/product"}],"replies":[{"embeddable":true,"href":"https:\/\/jumandeadsea.com\/fr\/wp-json\/wp\/v2\/comments?post=326622"}],"wp:featuredmedia":[{"embeddable":true,"href":"https:\/\/jumandeadsea.com\/fr\/wp-json\/wp\/v2\/media\/1780"}],"wp:attachment":[{"href":"https:\/\/jumandeadsea.com\/fr\/wp-json\/wp\/v2\/media?parent=326622"}],"wp:term":[{"taxonomy":"product_brand","embeddable":true,"href":"https:\/\/jumandeadsea.com\/fr\/wp-json\/wp\/v2\/product_brand?post=326622"},{"taxonomy":"product_cat","embeddable":true,"href":"https:\/\/jumandeadsea.com\/fr\/wp-json\/wp\/v2\/product_cat?post=326622"},{"taxonomy":"product_tag","embeddable":true,"href":"https:\/\/jumandeadsea.com\/fr\/wp-json\/wp\/v2\/product_tag?post=326622"}],"curies":[{"name":"wp","href":"https:\/\/api.w.org\/{rel}","templated":true}]}}