{"id":326621,"date":"2024-11-18T17:30:23","date_gmt":"2024-11-18T17:30:23","guid":{"rendered":"https:\/\/jumandeadsea.com\/product\/masque-de-boue-3-en-1-a-lhuile-dargan-et-au-miel\/"},"modified":"2024-11-18T17:30:23","modified_gmt":"2024-11-18T17:30:23","slug":"masque-de-boue-3-en-1-a-lhuile-dargan-et-au-miel","status":"publish","type":"product","link":"https:\/\/jumandeadsea.com\/fr\/produit\/masque-de-boue-3-en-1-a-lhuile-dargan-et-au-miel\/","title":{"rendered":"Masque De Boue (3 En 1) \u00c0 L&rsquo;huile D&rsquo;argan Et Au Miel"},"content":{"rendered":"<p>\n    <div class=\"shortcode-accordion\">\n        <h3 class=\"accordion-header\">Ingr\u00e9dients<\/h3>\n        <div class=\"accordion-content\" style=\"display: none;\">\n            <br \/>\nMaris Limus (boue de la mer Morte), Chamomilla Recutita (camomille), jus de feuilles d&rsquo;Aloe Barbadensis (Aloe Vera), tocoph\u00e9rol (vitamine E), huile de noyau d&rsquo;Argania Spinosa (Argan), Olea Europaea (olive), Prunus Amygdalus Dulcis (amande douce), Melaleuca Alternifolia (huile de feuilles d&rsquo;arbre \u00e0 th\u00e9), miel.<\/p>\n<ul>\n<li><em>Boue de la mer Morte : <\/em>elle est utilis\u00e9e pour nettoyer et \u00e9liminer l&rsquo;exc\u00e8s de s\u00e9bum et les impuret\u00e9s de la peau. Id\u00e9ale pour les peaux grasses et pour traiter l&rsquo;acn\u00e9, elle r\u00e9duit le psoriasis du cuir chevelu, les vergetures, la peau s\u00e8che et humide, ainsi que les douleurs articulaires et musculaires. <\/li>\n<li><em>Extrait de camomille : <\/em>aide \u00e0 soulager l&rsquo;acn\u00e9 gr\u00e2ce \u00e0 ses propri\u00e9t\u00e9s anti-inflammatoires et antibact\u00e9riennes, il \u00e9claircit \u00e9galement la d\u00e9coloration de la peau et unifie le teint.<\/li>\n<li><em>Jus de feuilles d&rsquo;aloe vera : <\/em>il poss\u00e8de de puissantes propri\u00e9t\u00e9s curatives qui se sont av\u00e9r\u00e9es efficaces pour traiter les coups de soleil et r\u00e9duire la visibilit\u00e9 des cicatrices ; il agit \u00e9galement comme un agent hydratant.<\/li>\n<li><em>Vitamine E :<\/em> cette vitamine liposoluble peut \u00eatre absorb\u00e9e par la peau. C&rsquo;est un antioxydant b\u00e9n\u00e9fique qui aide \u00e0 r\u00e9duire les dommages caus\u00e9s par les UV et le soleil sur la peau.<\/li>\n<li><em>Huile de noyau d&rsquo;argan : <\/em>c&rsquo;est une huile riche en acides gras essentiels, elle nourrit la peau, prot\u00e8ge son \u00e9lasticit\u00e9 et r\u00e9duit l&rsquo;apparence des rides et ridules.<\/li>\n<li>L&rsquo;<em>huile d&rsquo;olive : <\/em>c&rsquo;est un booster de beaut\u00e9 complet, non seulement elle est riche en vitamines et en antioxydants, mais elle am\u00e9liore \u00e9galement l&rsquo;hydratation et l&rsquo;exfoliation, pr\u00e9vient l&rsquo;acn\u00e9 et n&rsquo;obstrue pas les pores.<\/li>\n<li><em>Huile d&rsquo;amande douce :<\/em> une huile l\u00e9g\u00e8re respectueuse de la peau qui aide votre peau \u00e0 para\u00eetre lisse, douce et sans ridules.<\/li>\n<li><em>Huile de feuilles d&rsquo;arbre \u00e0 th\u00e9 : <\/em>utilis\u00e9e pour traiter l&rsquo;acn\u00e9 et les imperfections, il est \u00e9galement prouv\u00e9 qu&rsquo;elle traite les infections fongiques de la peau et d&rsquo;autres affections cutan\u00e9es.<\/li>\n<li><em>Miel : <\/em>ajout\u00e9 pour le traitement et la pr\u00e9vention de l&rsquo;acn\u00e9, il aide \u00e9galement \u00e0 ralentir les signes de vieillissement et donne au teint un \u00e9clat sain.<\/li>\n<\/ul>\n<p>\n        <\/div>\n    <\/div><br \/>\n\n    <div class=\"shortcode-accordion\">\n        <h3 class=\"accordion-header\">Mode d&#039;emploi :<\/h3>\n        <div class=\"accordion-content\" style=\"display: none;\">\n            <\/p>\n<h5><\/h5>\n<p>M\u00e9langez d&rsquo;abord l&rsquo;argile, en veillant \u00e0 conserver l&rsquo;eau, qui est un conservateur naturel. Appliquez une couche de boue sur le corps, les cheveux, le cuir chevelu ou le visage, massez bien la zone, laissez s\u00e9cher la boue pendant 15 \u00e0 20 minutes, puis lavez la zone \u00e0 l&rsquo;eau ti\u00e8de uniquement. Il est recommand\u00e9 de l&rsquo;utiliser 1 \u00e0 2 fois par semaine.<br \/>\n\n        <\/div>\n    <\/div><br \/>\n\n    <div class=\"shortcode-accordion\">\n        <h3 class=\"accordion-header\">Informations sur le produit<\/h3>\n        <div class=\"accordion-content\" style=\"display: none;\">\n            <br \/>\n&#8211; CPNP : 3471450<br \/>\n&#8211; Poids : 350gm<br \/>\n\n        <\/div>\n    <\/div><\/p>\n","protected":false},"excerpt":{"rendered":"<p>Rajeunissez votre peau comme jamais auparavant gr\u00e2ce au m\u00e9lange enviable de boue de la mer Morte, de miel, d&rsquo;huile d&rsquo;argan, de vitamines et d&rsquo;une pl\u00e9thore de min\u00e9raux qui am\u00e9liorent la peau. Id\u00e9al pour tous les types de peau. Ce masque (3 en 1) apporte une touche apaisante et curative en nettoyant les peaux grasses et en nourrissant les peaux s\u00e8ches, les rendant douces comme de la soie. Ce masque fait \u00e9galement des merveilles sur votre cuir chevelu et vos cheveux en r\u00e9duisant le psoriasis.   <\/p>\n","protected":false},"featured_media":1545,"comment_status":"open","ping_status":"closed","template":"","meta":{"_et_pb_use_builder":"","_et_pb_old_content":"","_et_gb_content_width":""},"product_brand":[],"product_cat":[100,99],"product_tag":[],"class_list":{"0":"post-326621","1":"product","2":"type-product","3":"status-publish","4":"has-post-thumbnail","6":"product_cat-masques-de-boue-de-la-mer-morte","7":"product_cat-soins-du-corps","9":"first","10":"instock","11":"shipping-taxable","12":"purchasable","13":"product-type-simple"},"yoast_head":"<!-- This site is optimized with the Yoast SEO plugin v27.3 - https:\/\/yoast.com\/product\/yoast-seo-wordpress\/ -->\n<title>MASQUE DE BOUE (3 EN 1) \u00c0 L&#039;HUILE D&#039;ARGAN ET AU MIEL - Juman Dead Sea<\/title>\n<meta name=\"robots\" content=\"index, follow, max-snippet:-1, max-image-preview:large, max-video-preview:-1\" \/>\n<link rel=\"canonical\" href=\"https:\/\/jumandeadsea.com\/fr\/produit\/masque-de-boue-3-en-1-a-lhuile-dargan-et-au-miel\/\" \/>\n<meta property=\"og:locale\" content=\"fr_FR\" \/>\n<meta property=\"og:type\" content=\"article\" \/>\n<meta property=\"og:title\" content=\"MASQUE DE BOUE (3 EN 1) \u00c0 L&#039;HUILE D&#039;ARGAN ET AU MIEL - Juman Dead Sea\" \/>\n<meta property=\"og:description\" content=\"Rajeunissez votre peau comme jamais auparavant gr\u00e2ce au m\u00e9lange enviable de boue de la mer Morte, de miel, d&#039;huile d&#039;argan, de vitamines et d&#039;une pl\u00e9thore de min\u00e9raux qui am\u00e9liorent la peau. Id\u00e9al pour tous les types de peau. Ce masque (3 en 1) apporte une touche apaisante et curative en nettoyant les peaux grasses et en nourrissant les peaux s\u00e8ches, les rendant douces comme de la soie. Ce masque fait \u00e9galement des merveilles sur votre cuir chevelu et vos cheveux en r\u00e9duisant le psoriasis.\" \/>\n<meta property=\"og:url\" content=\"https:\/\/jumandeadsea.com\/fr\/produit\/masque-de-boue-3-en-1-a-lhuile-dargan-et-au-miel\/\" \/>\n<meta property=\"og:site_name\" content=\"Juman Dead Sea\" \/>\n<meta property=\"og:image\" content=\"https:\/\/jumandeadsea.com\/wp-content\/uploads\/mud-3-1_front.png\" \/>\n\t<meta property=\"og:image:width\" content=\"1500\" \/>\n\t<meta property=\"og:image:height\" content=\"1500\" \/>\n\t<meta property=\"og:image:type\" content=\"image\/png\" \/>\n<meta name=\"twitter:card\" content=\"summary_large_image\" \/>\n<meta name=\"twitter:label1\" content=\"Dur\u00e9e de lecture estim\u00e9e\" \/>\n\t<meta name=\"twitter:data1\" content=\"2 minutes\" \/>\n<script type=\"application\/ld+json\" class=\"yoast-schema-graph\">{\"@context\":\"https:\\\/\\\/schema.org\",\"@graph\":[{\"@type\":\"WebPage\",\"@id\":\"https:\\\/\\\/jumandeadsea.com\\\/fr\\\/produit\\\/masque-de-boue-3-en-1-a-lhuile-dargan-et-au-miel\\\/\",\"url\":\"https:\\\/\\\/jumandeadsea.com\\\/fr\\\/produit\\\/masque-de-boue-3-en-1-a-lhuile-dargan-et-au-miel\\\/\",\"name\":\"MASQUE DE BOUE (3 EN 1) \u00c0 L'HUILE D'ARGAN ET AU MIEL - Juman Dead Sea\",\"isPartOf\":{\"@id\":\"https:\\\/\\\/jumandeadsea.com\\\/fr\\\/#website\"},\"primaryImageOfPage\":{\"@id\":\"https:\\\/\\\/jumandeadsea.com\\\/fr\\\/produit\\\/masque-de-boue-3-en-1-a-lhuile-dargan-et-au-miel\\\/#primaryimage\"},\"image\":{\"@id\":\"https:\\\/\\\/jumandeadsea.com\\\/fr\\\/produit\\\/masque-de-boue-3-en-1-a-lhuile-dargan-et-au-miel\\\/#primaryimage\"},\"thumbnailUrl\":\"https:\\\/\\\/jumandeadsea.com\\\/wp-content\\\/uploads\\\/mud-3-1_front.png\",\"datePublished\":\"2024-11-18T17:30:23+00:00\",\"breadcrumb\":{\"@id\":\"https:\\\/\\\/jumandeadsea.com\\\/fr\\\/produit\\\/masque-de-boue-3-en-1-a-lhuile-dargan-et-au-miel\\\/#breadcrumb\"},\"inLanguage\":\"fr-FR\",\"potentialAction\":[{\"@type\":\"ReadAction\",\"target\":[\"https:\\\/\\\/jumandeadsea.com\\\/fr\\\/produit\\\/masque-de-boue-3-en-1-a-lhuile-dargan-et-au-miel\\\/\"]}]},{\"@type\":\"ImageObject\",\"inLanguage\":\"fr-FR\",\"@id\":\"https:\\\/\\\/jumandeadsea.com\\\/fr\\\/produit\\\/masque-de-boue-3-en-1-a-lhuile-dargan-et-au-miel\\\/#primaryimage\",\"url\":\"https:\\\/\\\/jumandeadsea.com\\\/wp-content\\\/uploads\\\/mud-3-1_front.png\",\"contentUrl\":\"https:\\\/\\\/jumandeadsea.com\\\/wp-content\\\/uploads\\\/mud-3-1_front.png\",\"width\":1500,\"height\":1500,\"caption\":\"Nourish skin and hair with Juman\u2019s 3-in-1 Dead Sea Mud Mask infused with Argan Oil and Honey\"},{\"@type\":\"BreadcrumbList\",\"@id\":\"https:\\\/\\\/jumandeadsea.com\\\/fr\\\/produit\\\/masque-de-boue-3-en-1-a-lhuile-dargan-et-au-miel\\\/#breadcrumb\",\"itemListElement\":[{\"@type\":\"ListItem\",\"position\":1,\"name\":\"Home\",\"item\":\"https:\\\/\\\/jumandeadsea.com\\\/fr\\\/\"},{\"@type\":\"ListItem\",\"position\":2,\"name\":\"Boutique\",\"item\":\"https:\\\/\\\/jumandeadsea.com\\\/shop\\\/\"},{\"@type\":\"ListItem\",\"position\":3,\"name\":\"Masque De Boue (3 En 1) \u00c0 L&rsquo;huile D&rsquo;argan Et Au Miel\"}]},{\"@type\":\"WebSite\",\"@id\":\"https:\\\/\\\/jumandeadsea.com\\\/fr\\\/#website\",\"url\":\"https:\\\/\\\/jumandeadsea.com\\\/fr\\\/\",\"name\":\"Juman Dead Sea\",\"description\":\"Authentic Dead Sea Mineral Skincare for Sensitive, Healthy Skin\",\"potentialAction\":[{\"@type\":\"SearchAction\",\"target\":{\"@type\":\"EntryPoint\",\"urlTemplate\":\"https:\\\/\\\/jumandeadsea.com\\\/fr\\\/?s={search_term_string}\"},\"query-input\":{\"@type\":\"PropertyValueSpecification\",\"valueRequired\":true,\"valueName\":\"search_term_string\"}}],\"inLanguage\":\"fr-FR\"}]}<\/script>\n<!-- \/ Yoast SEO plugin. -->","yoast_head_json":{"title":"MASQUE DE BOUE (3 EN 1) \u00c0 L'HUILE D'ARGAN ET AU MIEL - Juman Dead Sea","robots":{"index":"index","follow":"follow","max-snippet":"max-snippet:-1","max-image-preview":"max-image-preview:large","max-video-preview":"max-video-preview:-1"},"canonical":"https:\/\/jumandeadsea.com\/fr\/produit\/masque-de-boue-3-en-1-a-lhuile-dargan-et-au-miel\/","og_locale":"fr_FR","og_type":"article","og_title":"MASQUE DE BOUE (3 EN 1) \u00c0 L'HUILE D'ARGAN ET AU MIEL - Juman Dead Sea","og_description":"Rajeunissez votre peau comme jamais auparavant gr\u00e2ce au m\u00e9lange enviable de boue de la mer Morte, de miel, d'huile d'argan, de vitamines et d'une pl\u00e9thore de min\u00e9raux qui am\u00e9liorent la peau. Id\u00e9al pour tous les types de peau. Ce masque (3 en 1) apporte une touche apaisante et curative en nettoyant les peaux grasses et en nourrissant les peaux s\u00e8ches, les rendant douces comme de la soie. Ce masque fait \u00e9galement des merveilles sur votre cuir chevelu et vos cheveux en r\u00e9duisant le psoriasis.","og_url":"https:\/\/jumandeadsea.com\/fr\/produit\/masque-de-boue-3-en-1-a-lhuile-dargan-et-au-miel\/","og_site_name":"Juman Dead Sea","og_image":[{"width":1500,"height":1500,"url":"https:\/\/jumandeadsea.com\/wp-content\/uploads\/mud-3-1_front.png","type":"image\/png"}],"twitter_card":"summary_large_image","twitter_misc":{"Dur\u00e9e de lecture estim\u00e9e":"2 minutes"},"schema":{"@context":"https:\/\/schema.org","@graph":[{"@type":"WebPage","@id":"https:\/\/jumandeadsea.com\/fr\/produit\/masque-de-boue-3-en-1-a-lhuile-dargan-et-au-miel\/","url":"https:\/\/jumandeadsea.com\/fr\/produit\/masque-de-boue-3-en-1-a-lhuile-dargan-et-au-miel\/","name":"MASQUE DE BOUE (3 EN 1) \u00c0 L'HUILE D'ARGAN ET AU MIEL - Juman Dead Sea","isPartOf":{"@id":"https:\/\/jumandeadsea.com\/fr\/#website"},"primaryImageOfPage":{"@id":"https:\/\/jumandeadsea.com\/fr\/produit\/masque-de-boue-3-en-1-a-lhuile-dargan-et-au-miel\/#primaryimage"},"image":{"@id":"https:\/\/jumandeadsea.com\/fr\/produit\/masque-de-boue-3-en-1-a-lhuile-dargan-et-au-miel\/#primaryimage"},"thumbnailUrl":"https:\/\/jumandeadsea.com\/wp-content\/uploads\/mud-3-1_front.png","datePublished":"2024-11-18T17:30:23+00:00","breadcrumb":{"@id":"https:\/\/jumandeadsea.com\/fr\/produit\/masque-de-boue-3-en-1-a-lhuile-dargan-et-au-miel\/#breadcrumb"},"inLanguage":"fr-FR","potentialAction":[{"@type":"ReadAction","target":["https:\/\/jumandeadsea.com\/fr\/produit\/masque-de-boue-3-en-1-a-lhuile-dargan-et-au-miel\/"]}]},{"@type":"ImageObject","inLanguage":"fr-FR","@id":"https:\/\/jumandeadsea.com\/fr\/produit\/masque-de-boue-3-en-1-a-lhuile-dargan-et-au-miel\/#primaryimage","url":"https:\/\/jumandeadsea.com\/wp-content\/uploads\/mud-3-1_front.png","contentUrl":"https:\/\/jumandeadsea.com\/wp-content\/uploads\/mud-3-1_front.png","width":1500,"height":1500,"caption":"Nourish skin and hair with Juman\u2019s 3-in-1 Dead Sea Mud Mask infused with Argan Oil and Honey"},{"@type":"BreadcrumbList","@id":"https:\/\/jumandeadsea.com\/fr\/produit\/masque-de-boue-3-en-1-a-lhuile-dargan-et-au-miel\/#breadcrumb","itemListElement":[{"@type":"ListItem","position":1,"name":"Home","item":"https:\/\/jumandeadsea.com\/fr\/"},{"@type":"ListItem","position":2,"name":"Boutique","item":"https:\/\/jumandeadsea.com\/shop\/"},{"@type":"ListItem","position":3,"name":"Masque De Boue (3 En 1) \u00c0 L&rsquo;huile D&rsquo;argan Et Au Miel"}]},{"@type":"WebSite","@id":"https:\/\/jumandeadsea.com\/fr\/#website","url":"https:\/\/jumandeadsea.com\/fr\/","name":"Juman Dead Sea","description":"Authentic Dead Sea Mineral Skincare for Sensitive, Healthy Skin","potentialAction":[{"@type":"SearchAction","target":{"@type":"EntryPoint","urlTemplate":"https:\/\/jumandeadsea.com\/fr\/?s={search_term_string}"},"query-input":{"@type":"PropertyValueSpecification","valueRequired":true,"valueName":"search_term_string"}}],"inLanguage":"fr-FR"}]}},"_links":{"self":[{"href":"https:\/\/jumandeadsea.com\/fr\/wp-json\/wp\/v2\/product\/326621","targetHints":{"allow":["GET"]}}],"collection":[{"href":"https:\/\/jumandeadsea.com\/fr\/wp-json\/wp\/v2\/product"}],"about":[{"href":"https:\/\/jumandeadsea.com\/fr\/wp-json\/wp\/v2\/types\/product"}],"replies":[{"embeddable":true,"href":"https:\/\/jumandeadsea.com\/fr\/wp-json\/wp\/v2\/comments?post=326621"}],"wp:featuredmedia":[{"embeddable":true,"href":"https:\/\/jumandeadsea.com\/fr\/wp-json\/wp\/v2\/media\/1545"}],"wp:attachment":[{"href":"https:\/\/jumandeadsea.com\/fr\/wp-json\/wp\/v2\/media?parent=326621"}],"wp:term":[{"taxonomy":"product_brand","embeddable":true,"href":"https:\/\/jumandeadsea.com\/fr\/wp-json\/wp\/v2\/product_brand?post=326621"},{"taxonomy":"product_cat","embeddable":true,"href":"https:\/\/jumandeadsea.com\/fr\/wp-json\/wp\/v2\/product_cat?post=326621"},{"taxonomy":"product_tag","embeddable":true,"href":"https:\/\/jumandeadsea.com\/fr\/wp-json\/wp\/v2\/product_tag?post=326621"}],"curies":[{"name":"wp","href":"https:\/\/api.w.org\/{rel}","templated":true}]}}