{"id":326618,"date":"2024-11-18T13:45:15","date_gmt":"2024-11-18T13:45:15","guid":{"rendered":"https:\/\/jumandeadsea.com\/product\/kit-de-soins-capillaires-pour-cheveux-secs-normaux-traites-et-teints\/"},"modified":"2024-11-18T13:45:15","modified_gmt":"2024-11-18T13:45:15","slug":"kit-de-soins-capillaires-pour-cheveux-secs-normaux-traites-et-teints","status":"publish","type":"product","link":"https:\/\/jumandeadsea.com\/fr\/produit\/kit-de-soins-capillaires-pour-cheveux-secs-normaux-traites-et-teints\/","title":{"rendered":"Kit De Soins Capillaires Pour Cheveux Secs, Normaux, Trait\u00c9s Et Teints"},"content":{"rendered":"\n    <div class=\"shortcode-accordion\">\n        <h3 class=\"accordion-header\">Informations sur le produit<\/h3>\n        <div class=\"accordion-content\" style=\"display: none;\">\n            <\/p>\n<p>&#8211; Poids : 400 ml par bouteille<\/p>\n<p>\n        <\/div>\n    <\/div>\n","protected":false},"excerpt":{"rendered":"<p>Dorlotez vos cheveux avec le traitement royal du luxueux kit de soins capillaires de Juman, m\u00e9ticuleusement con\u00e7u pour r\u00e9pondre \u00e0 tous les types de cheveux et \u00e0 tous les besoins. Que vos cheveux soient trait\u00e9s, teints, secs ou naturellement beaux, notre kit est le choix id\u00e9al pour soigner vos cheveux. <\/p>\n<p>Chaque produit est formul\u00e9 sans sels, sans sulfates et sans parab\u00e8nes, ce qui garantit un nettoyage et une hydratation \u00e0 la fois doux et efficaces. Le soin commence par notre shampooing qui \u00e9limine en douceur les impuret\u00e9s et les huiles, suivi de l&rsquo;apr\u00e8s-shampooing, qui prot\u00e8ge vos cheveux de la s\u00e9cheresse et des dommages lorsqu&rsquo;il est appliqu\u00e9 apr\u00e8s le shampooing, et se termine par un apr\u00e8s-shampooing nourrissant sans rin\u00e7age, dont quelques gouttes apr\u00e8s la douche et avant le coiffage laisseront les cheveux hydrat\u00e9s et rebondis. <\/p>\n<p>Appr\u00e9ciez les merveilles de notre kit capillaire miracle qui rend vos cheveux doux et lisses.<\/p>\n<p><span style=\"color: #008080;\">Il contient :<\/span><\/p>\n<p>1- SHAMPOOING ENRICHI \u00c0 L&rsquo;HUILE D&rsquo;ARGAN ET \u00c0 L&rsquo;ALOE VERA<\/p>\n<p>2- APR\u00c8S-SHAMPOING ENRICHI \u00c0 L&rsquo;ALOE VERA ET \u00c0 LA CAMOMILLE<\/p>\n<p>3 &#8211; LAISSE DE CHEVEUX ENRICHI EN HUILE D&rsquo;ARGAN ET EN HUILE D&rsquo;AMANDE DOUCE<\/p>\n","protected":false},"featured_media":2082,"comment_status":"open","ping_status":"closed","template":"","meta":{"_et_pb_use_builder":"","_et_pb_old_content":"","_et_gb_content_width":""},"product_brand":[],"product_cat":[107,95],"product_tag":[],"class_list":{"0":"post-326618","1":"product","2":"type-product","3":"status-publish","4":"has-post-thumbnail","6":"product_cat-soins-capillaires","7":"product_cat-soins-pour-cheveux-secs-et-normaux","9":"first","10":"instock","11":"shipping-taxable","12":"purchasable","13":"product-type-simple"},"yoast_head":"<!-- This site is optimized with the Yoast SEO plugin v27.3 - https:\/\/yoast.com\/product\/yoast-seo-wordpress\/ -->\n<title>KIT DE SOINS CAPILLAIRES POUR CHEVEUX SECS, NORMAUX, TRAIT\u00c9S ET TEINTS - Juman Dead Sea<\/title>\n<meta name=\"robots\" content=\"index, follow, max-snippet:-1, max-image-preview:large, max-video-preview:-1\" \/>\n<link rel=\"canonical\" href=\"https:\/\/jumandeadsea.com\/fr\/produit\/kit-de-soins-capillaires-pour-cheveux-secs-normaux-traites-et-teints\/\" \/>\n<meta property=\"og:locale\" content=\"fr_FR\" \/>\n<meta property=\"og:type\" content=\"article\" \/>\n<meta property=\"og:title\" content=\"KIT DE SOINS CAPILLAIRES POUR CHEVEUX SECS, NORMAUX, TRAIT\u00c9S ET TEINTS - Juman Dead Sea\" \/>\n<meta property=\"og:description\" content=\"Dorlotez vos cheveux avec le traitement royal du luxueux kit de soins capillaires de Juman, m\u00e9ticuleusement con\u00e7u pour r\u00e9pondre \u00e0 tous les types de cheveux et \u00e0 tous les besoins. Que vos cheveux soient trait\u00e9s, teints, secs ou naturellement beaux, notre kit est le choix id\u00e9al pour soigner vos cheveux.  Chaque produit est formul\u00e9 sans sels, sans sulfates et sans parab\u00e8nes, ce qui garantit un nettoyage et une hydratation \u00e0 la fois doux et efficaces. Le soin commence par notre shampooing qui \u00e9limine en douceur les impuret\u00e9s et les huiles, suivi de l&#039;apr\u00e8s-shampooing, qui prot\u00e8ge vos cheveux de la s\u00e9cheresse et des dommages lorsqu&#039;il est appliqu\u00e9 apr\u00e8s le shampooing, et se termine par un apr\u00e8s-shampooing nourrissant sans rin\u00e7age, dont quelques gouttes apr\u00e8s la douche et avant le coiffage laisseront les cheveux hydrat\u00e9s et rebondis.  Appr\u00e9ciez les merveilles de notre kit capillaire miracle qui rend vos cheveux doux et lisses. Il contient : 1- SHAMPOOING ENRICHI \u00c0 L&#039;HUILE D&#039;ARGAN ET \u00c0 L&#039;ALOE VERA 2- APR\u00c8S-SHAMPOING ENRICHI \u00c0 L&#039;ALOE VERA ET \u00c0 LA CAMOMILLE 3 - LAISSE DE CHEVEUX ENRICHI EN HUILE D&#039;ARGAN ET EN HUILE D&#039;AMANDE DOUCE\" \/>\n<meta property=\"og:url\" content=\"https:\/\/jumandeadsea.com\/fr\/produit\/kit-de-soins-capillaires-pour-cheveux-secs-normaux-traites-et-teints\/\" \/>\n<meta property=\"og:site_name\" content=\"Juman Dead Sea\" \/>\n<meta name=\"twitter:card\" content=\"summary_large_image\" \/>\n<script type=\"application\/ld+json\" class=\"yoast-schema-graph\">{\"@context\":\"https:\\\/\\\/schema.org\",\"@graph\":[{\"@type\":\"WebPage\",\"@id\":\"https:\\\/\\\/jumandeadsea.com\\\/fr\\\/produit\\\/kit-de-soins-capillaires-pour-cheveux-secs-normaux-traites-et-teints\\\/\",\"url\":\"https:\\\/\\\/jumandeadsea.com\\\/fr\\\/produit\\\/kit-de-soins-capillaires-pour-cheveux-secs-normaux-traites-et-teints\\\/\",\"name\":\"KIT DE SOINS CAPILLAIRES POUR CHEVEUX SECS, NORMAUX, TRAIT\u00c9S ET TEINTS - Juman Dead Sea\",\"isPartOf\":{\"@id\":\"https:\\\/\\\/jumandeadsea.com\\\/fr\\\/#website\"},\"primaryImageOfPage\":{\"@id\":\"https:\\\/\\\/jumandeadsea.com\\\/fr\\\/produit\\\/kit-de-soins-capillaires-pour-cheveux-secs-normaux-traites-et-teints\\\/#primaryimage\"},\"image\":{\"@id\":\"https:\\\/\\\/jumandeadsea.com\\\/fr\\\/produit\\\/kit-de-soins-capillaires-pour-cheveux-secs-normaux-traites-et-teints\\\/#primaryimage\"},\"thumbnailUrl\":\"https:\\\/\\\/jumandeadsea.com\\\/wp-content\\\/uploads\\\/WhatsApp-Image-2024-04-16-at-11.47.27-AM-6-2.jpeg\",\"datePublished\":\"2024-11-18T13:45:15+00:00\",\"breadcrumb\":{\"@id\":\"https:\\\/\\\/jumandeadsea.com\\\/fr\\\/produit\\\/kit-de-soins-capillaires-pour-cheveux-secs-normaux-traites-et-teints\\\/#breadcrumb\"},\"inLanguage\":\"fr-FR\",\"potentialAction\":[{\"@type\":\"ReadAction\",\"target\":[\"https:\\\/\\\/jumandeadsea.com\\\/fr\\\/produit\\\/kit-de-soins-capillaires-pour-cheveux-secs-normaux-traites-et-teints\\\/\"]}]},{\"@type\":\"ImageObject\",\"inLanguage\":\"fr-FR\",\"@id\":\"https:\\\/\\\/jumandeadsea.com\\\/fr\\\/produit\\\/kit-de-soins-capillaires-pour-cheveux-secs-normaux-traites-et-teints\\\/#primaryimage\",\"url\":\"https:\\\/\\\/jumandeadsea.com\\\/wp-content\\\/uploads\\\/WhatsApp-Image-2024-04-16-at-11.47.27-AM-6-2.jpeg\",\"contentUrl\":\"https:\\\/\\\/jumandeadsea.com\\\/wp-content\\\/uploads\\\/WhatsApp-Image-2024-04-16-at-11.47.27-AM-6-2.jpeg\",\"width\":928,\"height\":744},{\"@type\":\"BreadcrumbList\",\"@id\":\"https:\\\/\\\/jumandeadsea.com\\\/fr\\\/produit\\\/kit-de-soins-capillaires-pour-cheveux-secs-normaux-traites-et-teints\\\/#breadcrumb\",\"itemListElement\":[{\"@type\":\"ListItem\",\"position\":1,\"name\":\"Home\",\"item\":\"https:\\\/\\\/jumandeadsea.com\\\/fr\\\/\"},{\"@type\":\"ListItem\",\"position\":2,\"name\":\"Boutique\",\"item\":\"https:\\\/\\\/jumandeadsea.com\\\/shop\\\/\"},{\"@type\":\"ListItem\",\"position\":3,\"name\":\"Kit De Soins Capillaires Pour Cheveux Secs, Normaux, Trait\u00c9s Et Teints\"}]},{\"@type\":\"WebSite\",\"@id\":\"https:\\\/\\\/jumandeadsea.com\\\/fr\\\/#website\",\"url\":\"https:\\\/\\\/jumandeadsea.com\\\/fr\\\/\",\"name\":\"Juman Dead Sea\",\"description\":\"Authentic Dead Sea Mineral Skincare for Sensitive, Healthy Skin\",\"potentialAction\":[{\"@type\":\"SearchAction\",\"target\":{\"@type\":\"EntryPoint\",\"urlTemplate\":\"https:\\\/\\\/jumandeadsea.com\\\/fr\\\/?s={search_term_string}\"},\"query-input\":{\"@type\":\"PropertyValueSpecification\",\"valueRequired\":true,\"valueName\":\"search_term_string\"}}],\"inLanguage\":\"fr-FR\"}]}<\/script>\n<!-- \/ Yoast SEO plugin. -->","yoast_head_json":{"title":"KIT DE SOINS CAPILLAIRES POUR CHEVEUX SECS, NORMAUX, TRAIT\u00c9S ET TEINTS - Juman Dead Sea","robots":{"index":"index","follow":"follow","max-snippet":"max-snippet:-1","max-image-preview":"max-image-preview:large","max-video-preview":"max-video-preview:-1"},"canonical":"https:\/\/jumandeadsea.com\/fr\/produit\/kit-de-soins-capillaires-pour-cheveux-secs-normaux-traites-et-teints\/","og_locale":"fr_FR","og_type":"article","og_title":"KIT DE SOINS CAPILLAIRES POUR CHEVEUX SECS, NORMAUX, TRAIT\u00c9S ET TEINTS - Juman Dead Sea","og_description":"Dorlotez vos cheveux avec le traitement royal du luxueux kit de soins capillaires de Juman, m\u00e9ticuleusement con\u00e7u pour r\u00e9pondre \u00e0 tous les types de cheveux et \u00e0 tous les besoins. Que vos cheveux soient trait\u00e9s, teints, secs ou naturellement beaux, notre kit est le choix id\u00e9al pour soigner vos cheveux.  Chaque produit est formul\u00e9 sans sels, sans sulfates et sans parab\u00e8nes, ce qui garantit un nettoyage et une hydratation \u00e0 la fois doux et efficaces. Le soin commence par notre shampooing qui \u00e9limine en douceur les impuret\u00e9s et les huiles, suivi de l'apr\u00e8s-shampooing, qui prot\u00e8ge vos cheveux de la s\u00e9cheresse et des dommages lorsqu'il est appliqu\u00e9 apr\u00e8s le shampooing, et se termine par un apr\u00e8s-shampooing nourrissant sans rin\u00e7age, dont quelques gouttes apr\u00e8s la douche et avant le coiffage laisseront les cheveux hydrat\u00e9s et rebondis.  Appr\u00e9ciez les merveilles de notre kit capillaire miracle qui rend vos cheveux doux et lisses. Il contient : 1- SHAMPOOING ENRICHI \u00c0 L'HUILE D'ARGAN ET \u00c0 L'ALOE VERA 2- APR\u00c8S-SHAMPOING ENRICHI \u00c0 L'ALOE VERA ET \u00c0 LA CAMOMILLE 3 - LAISSE DE CHEVEUX ENRICHI EN HUILE D'ARGAN ET EN HUILE D'AMANDE DOUCE","og_url":"https:\/\/jumandeadsea.com\/fr\/produit\/kit-de-soins-capillaires-pour-cheveux-secs-normaux-traites-et-teints\/","og_site_name":"Juman Dead Sea","twitter_card":"summary_large_image","schema":{"@context":"https:\/\/schema.org","@graph":[{"@type":"WebPage","@id":"https:\/\/jumandeadsea.com\/fr\/produit\/kit-de-soins-capillaires-pour-cheveux-secs-normaux-traites-et-teints\/","url":"https:\/\/jumandeadsea.com\/fr\/produit\/kit-de-soins-capillaires-pour-cheveux-secs-normaux-traites-et-teints\/","name":"KIT DE SOINS CAPILLAIRES POUR CHEVEUX SECS, NORMAUX, TRAIT\u00c9S ET TEINTS - Juman Dead Sea","isPartOf":{"@id":"https:\/\/jumandeadsea.com\/fr\/#website"},"primaryImageOfPage":{"@id":"https:\/\/jumandeadsea.com\/fr\/produit\/kit-de-soins-capillaires-pour-cheveux-secs-normaux-traites-et-teints\/#primaryimage"},"image":{"@id":"https:\/\/jumandeadsea.com\/fr\/produit\/kit-de-soins-capillaires-pour-cheveux-secs-normaux-traites-et-teints\/#primaryimage"},"thumbnailUrl":"https:\/\/jumandeadsea.com\/wp-content\/uploads\/WhatsApp-Image-2024-04-16-at-11.47.27-AM-6-2.jpeg","datePublished":"2024-11-18T13:45:15+00:00","breadcrumb":{"@id":"https:\/\/jumandeadsea.com\/fr\/produit\/kit-de-soins-capillaires-pour-cheveux-secs-normaux-traites-et-teints\/#breadcrumb"},"inLanguage":"fr-FR","potentialAction":[{"@type":"ReadAction","target":["https:\/\/jumandeadsea.com\/fr\/produit\/kit-de-soins-capillaires-pour-cheveux-secs-normaux-traites-et-teints\/"]}]},{"@type":"ImageObject","inLanguage":"fr-FR","@id":"https:\/\/jumandeadsea.com\/fr\/produit\/kit-de-soins-capillaires-pour-cheveux-secs-normaux-traites-et-teints\/#primaryimage","url":"https:\/\/jumandeadsea.com\/wp-content\/uploads\/WhatsApp-Image-2024-04-16-at-11.47.27-AM-6-2.jpeg","contentUrl":"https:\/\/jumandeadsea.com\/wp-content\/uploads\/WhatsApp-Image-2024-04-16-at-11.47.27-AM-6-2.jpeg","width":928,"height":744},{"@type":"BreadcrumbList","@id":"https:\/\/jumandeadsea.com\/fr\/produit\/kit-de-soins-capillaires-pour-cheveux-secs-normaux-traites-et-teints\/#breadcrumb","itemListElement":[{"@type":"ListItem","position":1,"name":"Home","item":"https:\/\/jumandeadsea.com\/fr\/"},{"@type":"ListItem","position":2,"name":"Boutique","item":"https:\/\/jumandeadsea.com\/shop\/"},{"@type":"ListItem","position":3,"name":"Kit De Soins Capillaires Pour Cheveux Secs, Normaux, Trait\u00c9s Et Teints"}]},{"@type":"WebSite","@id":"https:\/\/jumandeadsea.com\/fr\/#website","url":"https:\/\/jumandeadsea.com\/fr\/","name":"Juman Dead Sea","description":"Authentic Dead Sea Mineral Skincare for Sensitive, Healthy Skin","potentialAction":[{"@type":"SearchAction","target":{"@type":"EntryPoint","urlTemplate":"https:\/\/jumandeadsea.com\/fr\/?s={search_term_string}"},"query-input":{"@type":"PropertyValueSpecification","valueRequired":true,"valueName":"search_term_string"}}],"inLanguage":"fr-FR"}]}},"_links":{"self":[{"href":"https:\/\/jumandeadsea.com\/fr\/wp-json\/wp\/v2\/product\/326618","targetHints":{"allow":["GET"]}}],"collection":[{"href":"https:\/\/jumandeadsea.com\/fr\/wp-json\/wp\/v2\/product"}],"about":[{"href":"https:\/\/jumandeadsea.com\/fr\/wp-json\/wp\/v2\/types\/product"}],"replies":[{"embeddable":true,"href":"https:\/\/jumandeadsea.com\/fr\/wp-json\/wp\/v2\/comments?post=326618"}],"wp:featuredmedia":[{"embeddable":true,"href":"https:\/\/jumandeadsea.com\/fr\/wp-json\/wp\/v2\/media\/2082"}],"wp:attachment":[{"href":"https:\/\/jumandeadsea.com\/fr\/wp-json\/wp\/v2\/media?parent=326618"}],"wp:term":[{"taxonomy":"product_brand","embeddable":true,"href":"https:\/\/jumandeadsea.com\/fr\/wp-json\/wp\/v2\/product_brand?post=326618"},{"taxonomy":"product_cat","embeddable":true,"href":"https:\/\/jumandeadsea.com\/fr\/wp-json\/wp\/v2\/product_cat?post=326618"},{"taxonomy":"product_tag","embeddable":true,"href":"https:\/\/jumandeadsea.com\/fr\/wp-json\/wp\/v2\/product_tag?post=326618"}],"curies":[{"name":"wp","href":"https:\/\/api.w.org\/{rel}","templated":true}]}}