{"id":324901,"date":"2024-12-16T20:42:14","date_gmt":"2024-12-16T20:42:14","guid":{"rendered":"https:\/\/jumandeadsea.com\/politique-de-confidentialite\/"},"modified":"2025-04-05T19:52:37","modified_gmt":"2025-04-05T19:52:37","slug":"politique-de-confidentialite","status":"publish","type":"page","link":"https:\/\/jumandeadsea.com\/fr\/politique-de-confidentialite\/","title":{"rendered":"Politique de confidentialit\u00e9"},"content":{"rendered":"<p>[et_pb_section fb_built=\u00a0\u00bb1&Prime; custom_padding_last_edited=\u00a0\u00bbon|tablet\u00a0\u00bb _builder_version=\u00a0\u00bb4.27.4&Prime; _module_preset=\u00a0\u00bbdefault\u00a0\u00bb background_color=\u00a0\u00bb#f9f9f9&Prime; custom_margin=\u00a0\u00bb||||false|false\u00a0\u00bb custom_padding=\u00a0\u00bb60px||0px||false|false\u00a0\u00bb custom_padding_tablet=\u00a0\u00bb60px|35px|60px|35px|true|true\u00a0\u00bb custom_padding_phone=\u00a0\u00bb60px|20px|2px|20px|false|true\u00a0\u00bb da_disable_devices=\u00a0\u00bboff|off|off\u00a0\u00bb locked=\u00a0\u00bboff\u00a0\u00bb global_colors_info=\u00a0\u00bb{}\u00a0\u00bb da_is_popup=\u00a0\u00bboff\u00a0\u00bb da_exit_intent=\u00a0\u00bboff\u00a0\u00bb da_has_close=\u00a0\u00bbon\u00a0\u00bb da_alt_close=\u00a0\u00bboff\u00a0\u00bb da_dark_close=\u00a0\u00bboff\u00a0\u00bb da_not_modal=\u00a0\u00bbon\u00a0\u00bb da_is_singular=\u00a0\u00bboff\u00a0\u00bb da_with_loader=\u00a0\u00bboff\u00a0\u00bb da_has_shadow=\u00a0\u00bbon\u00a0\u00bb][et_pb_row column_structure=\u00a0\u00bb1_5,3_5,1_5&Prime; custom_padding_last_edited=\u00a0\u00bbon|tablet\u00a0\u00bb _builder_version=\u00a0\u00bb4.16&Prime; _module_preset=\u00a0\u00bbdefault\u00a0\u00bb width=\u00a0\u00bb100%\u00a0\u00bb max_width=\u00a0\u00bb1100px\u00a0\u00bb custom_padding=\u00a0\u00bb0px||||false|false\u00a0\u00bb custom_padding_tablet=\u00a0\u00bb||0px||false|false\u00a0\u00bb custom_padding_phone=\u00a0\u00bb0px||0px||true|false\u00a0\u00bb global_colors_info=\u00a0\u00bb{}\u00a0\u00bb][et_pb_column type=\u00a0\u00bb1_5&Prime; _builder_version=\u00a0\u00bb4.16&Prime; _module_preset=\u00a0\u00bbdefault\u00a0\u00bb global_colors_info=\u00a0\u00bb{}\u00a0\u00bb][\/et_pb_column][et_pb_column type=\u00a0\u00bb3_5&Prime; _builder_version=\u00a0\u00bb4.16&Prime; _module_preset=\u00a0\u00bbdefault\u00a0\u00bb global_colors_info=\u00a0\u00bb{}\u00a0\u00bb][et_pb_text _builder_version=\u00a0\u00bb4.27.4&Prime; _module_preset=\u00a0\u00bbdefault\u00a0\u00bb header_font=\u00a0\u00bb&#8211;et_global_heading_font|700|||||||\u00a0\u00bb header_text_align=\u00a0\u00bbcenter\u00a0\u00bb header_text_color=\u00a0\u00bb#23B1A5&Prime; header_font_size=\u00a0\u00bb36px\u00a0\u00bb custom_margin=\u00a0\u00bb||10px||false|false\u00a0\u00bb custom_margin_tablet=\u00a0\u00bb||10px||false|false\u00a0\u00bb custom_margin_phone=\u00a0\u00bb||10px||false|false\u00a0\u00bb custom_margin_last_edited=\u00a0\u00bbon|desktop\u00a0\u00bb header_text_align_tablet=\u00a0\u00bbcenter\u00a0\u00bb header_text_align_phone=\u00a0\u00bbleft\u00a0\u00bb header_text_align_last_edited=\u00a0\u00bbon|phone\u00a0\u00bb header_font_size_tablet=\u00a0\u00bb30px\u00a0\u00bb header_font_size_phone=\u00a0\u00bb30px\u00a0\u00bb header_font_size_last_edited=\u00a0\u00bbon|desktop\u00a0\u00bb global_colors_info=\u00a0\u00bb{}\u00a0\u00bb]<\/p>\n<h1>Politique de confidentialit\u00e9<\/h1>\n<p>[\/et_pb_text][\/et_pb_column][et_pb_column type=\u00a0\u00bb1_5&Prime; disabled_on=\u00a0\u00bbon|off|off\u00a0\u00bb _builder_version=\u00a0\u00bb4.16&Prime; _module_preset=\u00a0\u00bbdefault\u00a0\u00bb global_colors_info=\u00a0\u00bb{}\u00a0\u00bb][\/et_pb_column][\/et_pb_row][\/et_pb_section][et_pb_section fb_built=\u00a0\u00bb1&Prime; _builder_version=\u00a0\u00bb4.27.4&Prime; _module_preset=\u00a0\u00bbdefault\u00a0\u00bb da_disable_devices=\u00a0\u00bboff|off|off\u00a0\u00bb locked=\u00a0\u00bboff\u00a0\u00bb global_colors_info=\u00a0\u00bb{}\u00a0\u00bb da_is_popup=\u00a0\u00bboff\u00a0\u00bb da_exit_intent=\u00a0\u00bboff\u00a0\u00bb da_has_close=\u00a0\u00bbon\u00a0\u00bb da_alt_close=\u00a0\u00bboff\u00a0\u00bb da_dark_close=\u00a0\u00bboff\u00a0\u00bb da_not_modal=\u00a0\u00bbon\u00a0\u00bb da_is_singular=\u00a0\u00bboff\u00a0\u00bb da_with_loader=\u00a0\u00bboff\u00a0\u00bb da_has_shadow=\u00a0\u00bbon\u00a0\u00bb][et_pb_row _builder_version=\u00a0\u00bb4.27.4&Prime; _module_preset=\u00a0\u00bbdefault\u00a0\u00bb global_colors_info=\u00a0\u00bb{}\u00a0\u00bb][et_pb_column type=\u00a0\u00bb4_4&Prime; _builder_version=\u00a0\u00bb4.27.4&Prime; _module_preset=\u00a0\u00bbdefault\u00a0\u00bb global_colors_info=\u00a0\u00bb{}\u00a0\u00bb][et_pb_text _builder_version=\u00a0\u00bb4.27.4&Prime; _module_preset=\u00a0\u00bbdefault\u00a0\u00bb text_font=\u00a0\u00bbManrope||||||||\u00a0\u00bb text_font_size=\u00a0\u00bb15px\u00a0\u00bb text_letter_spacing=\u00a0\u00bb0.5px\u00a0\u00bb link_text_color=\u00a0\u00bb#23B1A5&Prime; header_font=\u00a0\u00bbGeorgia|700|||||||\u00a0\u00bb header_font_size=\u00a0\u00bb40px\u00a0\u00bb custom_margin=\u00a0\u00bb||20px||false|false\u00a0\u00bb custom_margin_tablet=\u00a0\u00bb||0px||false|false\u00a0\u00bb custom_margin_phone=\u00a0\u00bb||0px||false|false\u00a0\u00bb custom_margin_last_edited=\u00a0\u00bbon|desktop\u00a0\u00bb text_font_size_tablet=\u00a0\u00bb16px\u00a0\u00bb text_font_size_phone=\u00a0\u00bb15px\u00a0\u00bb text_font_size_last_edited=\u00a0\u00bbon|desktop\u00a0\u00bb text_letter_spacing_tablet=\u00a0\u00bb0.5px\u00a0\u00bb text_letter_spacing_phone=\u00a0\u00bb0.5px\u00a0\u00bb text_letter_spacing_last_edited=\u00a0\u00bbon|desktop\u00a0\u00bb header_font_size_tablet=\u00a0\u00bb40px\u00a0\u00bb header_font_size_phone=\u00a0\u00bb40px\u00a0\u00bb header_font_size_last_edited=\u00a0\u00bbon|desktop\u00a0\u00bb text_orientation_tablet=\u00a0\u00bbleft\u00a0\u00bb text_orientation_phone=\u00a0\u00bbleft\u00a0\u00bb text_orientation_last_edited=\u00a0\u00bbon|tablet\u00a0\u00bb locked=\u00a0\u00bboff\u00a0\u00bb global_colors_info=\u00a0\u00bb{}\u00a0\u00bb]<\/p>\n<p>Juman Pharmaceutical and Cosmetics Factory respecte votre vie priv\u00e9e, c&rsquo;est pourquoi notre site web est prot\u00e9g\u00e9 par les technologies les plus r\u00e9centes afin de garantir la confidentialit\u00e9 et la s\u00e9curit\u00e9 de vos informations personnelles et de vos informations de paiement. Vos informations personnelles sont recueillies, contr\u00f4l\u00e9es et trait\u00e9es par notre service commercial conform\u00e9ment \u00e0 la pr\u00e9sente politique de confidentialit\u00e9. Nous ne divulguons ni ne partageons vos informations personnelles avec aucune organisation externe.  <\/p>\n<p>Veuillez lire la politique de confidentialit\u00e9 ci-dessous pour comprendre comment nous utilisons vos informations avant de soumettre toute information personnelle.<\/p>\n<p>Si vous avez des questions ou des demandes, veuillez nous contacter par courrier \u00e9lectronique \u00e0 l&rsquo;adresse <a href=\"mailto:info@jumandeadsea.com\">info@jumandeadsea.com<\/a> ou envoyer une lettre \u00e0 notre service client\u00e8le \u00e0 l&rsquo;adresse suivante : Juman Pharmaceutical and Cosmetics Factory sales department, Juman Pharmaceutical and Cosmetics Factory, P.O.Box ; 2337, Amman 11941, Jordan.<\/p>\n<p><strong>Propri\u00e9t\u00e9 intellectuelle<\/strong><\/p>\n<ul class=\"wp-block-list\">\n<li>Le site de Juman Pharmaceutical and Cosmetics Factory est une propri\u00e9t\u00e9 intellectuelle prot\u00e9g\u00e9e par la l\u00e9gislation sur le droit d&rsquo;auteur. Chaque \u00e9l\u00e9ment qui le compose, y compris les marques, photographies, dessins, logos, textes, illustrations, graphiques, etc., est la propri\u00e9t\u00e9 exclusive de Juman Pharmaceutical and Cosmetics Factory en tant qu&rsquo;unique titulaire des droits de propri\u00e9t\u00e9 intellectuelle. Juman Pharmaceutical and Cosmetics Factory ne conc\u00e8de aucune licence, ni aucun droit autre que celui de consulter le site.    <\/li>\n<li>Toute reproduction ou utilisation d&rsquo;une partie de ces \u00e9l\u00e9ments n&rsquo;est autoris\u00e9e qu&rsquo;\u00e0 des fins exclusives d&rsquo;utilisation personnelle et d&rsquo;information. La reproduction, la modification, la duplication et l&rsquo;utilisation de tout \u00e9l\u00e9ment de ce site \u00e0 d&rsquo;autres fins sont strictement interdites. <\/li>\n<\/ul>\n<p><strong>Informations personnelles que nous recueillons<\/strong><\/p>\n<p>Les informations personnelles vous concernant que nous pouvons collecter et le processus peuvent \u00eatre obtenus \u00e0 partir de diff\u00e9rentes sources. Ces informations peuvent \u00eatre collect\u00e9es par le biais de plateformes de m\u00e9dias sociaux, d&rsquo;\u00e9v\u00e9nements ou de notre site web. Vos informations personnelles peuvent \u00eatre collect\u00e9es lorsque vous visitez le site web, que vous vous inscrivez sur le site web ou que vous soumettez toute autre question en ligne. Les journaux de serveurs web, les cookies et les technologies automatis\u00e9es peuvent \u00eatre utilis\u00e9s pour collecter certaines informations vous concernant.   <\/p>\n<p><strong>Informations personnelles recueillies<\/strong><\/p>\n<p>Nous pouvons recueillir diff\u00e9rents types d&rsquo;informations personnelles que vous nous fournissez par le biais de notre site web ou de toute autre source. Les informations personnelles que vous pouvez nous fournir sont les suivantes : <\/p>\n<p>1- Nom<\/p>\n<p>2- Adresse postale<\/p>\n<p>3- Adresse \u00e9lectronique<\/p>\n<p>4- Num\u00e9ro de portable<\/p>\n<p>5- \u00c2ge\/date de naissance<\/p>\n<p>6- Le genre<\/p>\n<p>7- Informations sur le paiement<\/p>\n<p>8- Nom d&rsquo;utilisateur et mot de passe<\/p>\n<p>9- Contenu que vous pouvez fournir<\/p>\n<p>10- l&rsquo;adresse IP, vos tendances et les sites web que vous visitez<\/p>\n<p>11- Toute autre information personnelle que vous pourriez fournir<\/p>\n<p>Que faisons-nous de vos informations personnelles ?<\/p>\n<p>Les informations personnelles que vous fournissez par le biais des diff\u00e9rentes sources mentionn\u00e9es ci-dessus peuvent \u00eatre utilis\u00e9es pour :<\/p>\n<p>1- G\u00e9rer votre compte en ligne<\/p>\n<p>2- Am\u00e9liorer votre exp\u00e9rience en ligne<\/p>\n<p>3- R\u00e9pondre \u00e0 vos demandes<\/p>\n<p>4- Vous fournir des services<\/p>\n<p>5- Traiter les paiements de vos achats<\/p>\n<p>6- Analyser, am\u00e9liorer et d\u00e9velopper nos produits et services<\/p>\n<p>7- Vous envoyer nos derni\u00e8res nouvelles et offres sp\u00e9ciales par SMS, MMS, e-mail, appels t\u00e9l\u00e9phoniques ou tout autre moyen de communication. Si vous souhaitez ne plus recevoir d&rsquo;informations de la part de Juman Pharmaceutical and Cosmetics Factory, veuillez nous envoyer un courrier \u00e9lectronique \u00e0 l&rsquo;adresse suivante : info@jumandeadsea.com. <\/p>\n<p><strong>Avec qui partageons-nous vos informations personnelles ?<\/strong><\/p>\n<p>Juman Pharmaceutical and Cosmetics Factory ne vendra ni ne divulguera vos informations personnelles \u00e0 des organisations externes. Vous ne pouvez recevoir des informations d&rsquo;autres soci\u00e9t\u00e9s affili\u00e9es que si vous cliquez sur la case correspondante. Juman Pharmaceutical and Cosmetics Factory peut \u00e9galement divulguer vos renseignements \u00e0 des organismes gouvernementaux, \u00e0 des organismes d&rsquo;application de la loi ou \u00e0 toute autre entit\u00e9 juridique, dans le but de pr\u00e9venir la fraude et toute activit\u00e9 ill\u00e9gale. Dans ce cas, Juman Pharmaceutical and Cosmetics Factory vous informera et vous enverra des d\u00e9tails sur la divulgation de vos renseignements personnels. Vos informations peuvent \u00eatre partag\u00e9es avec des fournisseurs de services, notamment des entit\u00e9s qui traitent les paiements, les commandes, l&rsquo;h\u00e9bergement Web et les services de marketing. Nous n&rsquo;autorisons pas les fournisseurs de services \u00e0 partager ou \u00e0 divulguer vos informations personnelles.     <\/p>\n<p><strong>Cookies, balises Web et journaux de serveurs Web<\/strong><\/p>\n<p>Les cookies, fichiers texte ou gif unique, peuvent \u00eatre envoy\u00e9s et stock\u00e9s sur votre ordinateur lorsque vous visitez notre site web. Vous pouvez supprimer, restreindre et d\u00e9sactiver certains types de cookies sur la plupart des navigateurs web, mais les cookies nous permettent d&rsquo;adapter le site web \u00e0 vos pr\u00e9f\u00e9rences et int\u00e9r\u00eats afin de vous permettre d&rsquo;utiliser toutes les fonctionnalit\u00e9s de notre site web et d&rsquo;am\u00e9liorer votre exp\u00e9rience en tant qu&rsquo;utilisateur. Nos serveurs web peuvent enregistrer des d\u00e9tails tels que l&rsquo;adresse IP, le domaine, les liens, le type de navigateur, la langue de votre syst\u00e8me, le type de syst\u00e8me d&rsquo;exploitation et le fuseau horaire. Pour le contr\u00f4le des serveurs web et de la collecte d&rsquo;informations, des balises web peuvent \u00eatre plac\u00e9es sur nos pages web pour relier les pages web \u00e0 des serveurs web sp\u00e9cifiques et \u00e0 des cookies.   <\/p>\n<p><strong>Analyse du Web<\/strong><\/p>\n<p>Nous pouvons utiliser des outils d&rsquo;analyse web tels que Google Analytics qui utilisent diff\u00e9rentes technologies telles que les cookies, les journaux de serveurs web et les balises web pour cr\u00e9er des fichiers journaux d&rsquo;informations. Ces fichiers d&rsquo;informations collect\u00e9es peuvent inclure la dur\u00e9e de votre visite, les pages explor\u00e9es et l&rsquo;adresse IP de votre r\u00e9seau. Ces donn\u00e9es collect\u00e9es sont analys\u00e9es \u00e0 l&rsquo;aide de services d&rsquo;analyse web qui nous aident \u00e0 am\u00e9liorer votre exp\u00e9rience sur notre site web. Vous pouvez d\u00e9sactiver la possibilit\u00e9 pour un fournisseur de services d&rsquo;analyse web d&rsquo;analyser vos activit\u00e9s de navigation sur notre site web.   <\/p>\n<p><strong>Hyperliens vers d&rsquo;autres sites web<\/strong><\/p>\n<p>Notre site web peut contenir des liens vers des sites web exploit\u00e9s et contr\u00f4l\u00e9s par un tiers ind\u00e9pendant. Ces sites li\u00e9s peuvent avoir leur propre politique en mati\u00e8re de protection de la vie priv\u00e9e, et nous vous recommandons donc de les consulter si vous visitez l&rsquo;un d&rsquo;entre eux. Nous ne v\u00e9rifions ni n&rsquo;acceptons le contenu des sites web li\u00e9s, et nous ne sommes pas responsables de leurs pratiques en mati\u00e8re de politique de confidentialit\u00e9. L&rsquo;utilisation de l&rsquo;un des sites web li\u00e9s est aux risques et \u00e0 la responsabilit\u00e9 de l&rsquo;utilisateur.   <\/p>\n<p><strong>Commentaires sur vos informations personnelles<\/strong><\/p>\n<p>Vous avez le droit de faire des commentaires, de corriger les erreurs dans les informations et d&rsquo;avoir acc\u00e8s \u00e0 vos informations personnelles stock\u00e9es sur nos serveurs. Si vous avez des questions ou des commentaires concernant la politique de confidentialit\u00e9, ou si vous souhaitez modifier, bloquer ou supprimer vos informations personnelles, veuillez contacter notre service commercial par courrier \u00e9lectronique ou \u00e9crire \u00e0 l&rsquo;adresse suivante Juman Pharmaceutical and Cosmetics Factory sales department, Juman Pharmaceutical and Cosmetics Factory P.O.Box ; 2337, Amman 11941, Jordan. <\/p>\n<p><strong>Mises \u00e0 jour de notre politique de confidentialit\u00e9<\/strong><\/p>\n<p>La pr\u00e9sente politique de confidentialit\u00e9 peut \u00eatre mise \u00e0 jour de temps \u00e0 autre sans que vous soyez inform\u00e9 des modifications apport\u00e9es \u00e0 notre politique de confidentialit\u00e9. Nous indiquerons la date de la derni\u00e8re mise \u00e0 jour de la politique au bas de la pr\u00e9sente politique de confidentialit\u00e9. <\/p>\n<p>[\/et_pb_text][\/et_pb_column][\/et_pb_row][\/et_pb_section]<\/p>\n","protected":false},"excerpt":{"rendered":"<p>Politique de confidentialit\u00e9Juman Pharmaceutical and Cosmetics Factory respecte votre vie priv\u00e9e, c&rsquo;est pourquoi notre site web est prot\u00e9g\u00e9 par les technologies les plus r\u00e9centes afin de garantir la confidentialit\u00e9 et la s\u00e9curit\u00e9 de vos informations personnelles et de vos informations de paiement. Vos informations personnelles sont recueillies, contr\u00f4l\u00e9es et trait\u00e9es par notre service commercial conform\u00e9ment [&hellip;]<\/p>\n","protected":false},"author":3,"featured_media":327584,"parent":0,"menu_order":0,"comment_status":"closed","ping_status":"closed","template":"","meta":{"_et_pb_use_builder":"on","_et_pb_old_content":"","_et_gb_content_width":"","footnotes":""},"class_list":["post-324901","page","type-page","status-publish","has-post-thumbnail","hentry"],"yoast_head":"<!-- This site is optimized with the Yoast SEO plugin v27.3 - https:\/\/yoast.com\/product\/yoast-seo-wordpress\/ -->\n<title>Politique de confidentialit\u00e9 - Juman Dead Sea<\/title>\n<meta name=\"robots\" content=\"index, follow, max-snippet:-1, max-image-preview:large, max-video-preview:-1\" \/>\n<link rel=\"canonical\" href=\"https:\/\/jumandeadsea.com\/fr\/politique-de-confidentialite\/\" \/>\n<meta property=\"og:locale\" content=\"fr_FR\" \/>\n<meta property=\"og:type\" content=\"article\" \/>\n<meta property=\"og:title\" content=\"Politique de confidentialit\u00e9 - Juman Dead Sea\" \/>\n<meta property=\"og:description\" content=\"Politique de confidentialit\u00e9Juman Pharmaceutical and Cosmetics Factory respecte votre vie priv\u00e9e, c&#039;est pourquoi notre site web est prot\u00e9g\u00e9 par les technologies les plus r\u00e9centes afin de garantir la confidentialit\u00e9 et la s\u00e9curit\u00e9 de vos informations personnelles et de vos informations de paiement. Vos informations personnelles sont recueillies, contr\u00f4l\u00e9es et trait\u00e9es par notre service commercial conform\u00e9ment [&hellip;]\" \/>\n<meta property=\"og:url\" content=\"https:\/\/jumandeadsea.com\/fr\/politique-de-confidentialite\/\" \/>\n<meta property=\"og:site_name\" content=\"Juman Dead Sea\" \/>\n<meta property=\"article:modified_time\" content=\"2025-04-05T19:52:37+00:00\" \/>\n<meta name=\"twitter:card\" content=\"summary_large_image\" \/>\n<meta name=\"twitter:label1\" content=\"Dur\u00e9e de lecture estim\u00e9e\" \/>\n\t<meta name=\"twitter:data1\" content=\"9 minutes\" \/>\n<script type=\"application\/ld+json\" class=\"yoast-schema-graph\">{\"@context\":\"https:\\\/\\\/schema.org\",\"@graph\":[{\"@type\":\"WebPage\",\"@id\":\"https:\\\/\\\/jumandeadsea.com\\\/fr\\\/politique-de-confidentialite\\\/\",\"url\":\"https:\\\/\\\/jumandeadsea.com\\\/fr\\\/politique-de-confidentialite\\\/\",\"name\":\"Politique de confidentialit\u00e9 - Juman Dead Sea\",\"isPartOf\":{\"@id\":\"https:\\\/\\\/jumandeadsea.com\\\/fr\\\/#website\"},\"primaryImageOfPage\":{\"@id\":\"https:\\\/\\\/jumandeadsea.com\\\/fr\\\/politique-de-confidentialite\\\/#primaryimage\"},\"image\":{\"@id\":\"https:\\\/\\\/jumandeadsea.com\\\/fr\\\/politique-de-confidentialite\\\/#primaryimage\"},\"thumbnailUrl\":\"https:\\\/\\\/jumandeadsea.com\\\/wp-content\\\/uploads\\\/34-1-scaled.jpg\",\"datePublished\":\"2024-12-16T20:42:14+00:00\",\"dateModified\":\"2025-04-05T19:52:37+00:00\",\"breadcrumb\":{\"@id\":\"https:\\\/\\\/jumandeadsea.com\\\/fr\\\/politique-de-confidentialite\\\/#breadcrumb\"},\"inLanguage\":\"fr-FR\",\"potentialAction\":[{\"@type\":\"ReadAction\",\"target\":[\"https:\\\/\\\/jumandeadsea.com\\\/fr\\\/politique-de-confidentialite\\\/\"]}]},{\"@type\":\"ImageObject\",\"inLanguage\":\"fr-FR\",\"@id\":\"https:\\\/\\\/jumandeadsea.com\\\/fr\\\/politique-de-confidentialite\\\/#primaryimage\",\"url\":\"https:\\\/\\\/jumandeadsea.com\\\/wp-content\\\/uploads\\\/34-1-scaled.jpg\",\"contentUrl\":\"https:\\\/\\\/jumandeadsea.com\\\/wp-content\\\/uploads\\\/34-1-scaled.jpg\",\"width\":2560,\"height\":1707,\"caption\":\"Unwind in nature while nourishing your curls with Juman Dead Sea\u2019s curly hair care set\u2014shampoo, conditioner, and leave-in treatment enriched with minerals.\"},{\"@type\":\"BreadcrumbList\",\"@id\":\"https:\\\/\\\/jumandeadsea.com\\\/fr\\\/politique-de-confidentialite\\\/#breadcrumb\",\"itemListElement\":[{\"@type\":\"ListItem\",\"position\":1,\"name\":\"Home\",\"item\":\"https:\\\/\\\/jumandeadsea.com\\\/fr\\\/\"},{\"@type\":\"ListItem\",\"position\":2,\"name\":\"Politique de confidentialit\u00e9\"}]},{\"@type\":\"WebSite\",\"@id\":\"https:\\\/\\\/jumandeadsea.com\\\/fr\\\/#website\",\"url\":\"https:\\\/\\\/jumandeadsea.com\\\/fr\\\/\",\"name\":\"Juman Dead Sea\",\"description\":\"Authentic Dead Sea Mineral Skincare for Sensitive, Healthy Skin\",\"potentialAction\":[{\"@type\":\"SearchAction\",\"target\":{\"@type\":\"EntryPoint\",\"urlTemplate\":\"https:\\\/\\\/jumandeadsea.com\\\/fr\\\/?s={search_term_string}\"},\"query-input\":{\"@type\":\"PropertyValueSpecification\",\"valueRequired\":true,\"valueName\":\"search_term_string\"}}],\"inLanguage\":\"fr-FR\"}]}<\/script>\n<!-- \/ Yoast SEO plugin. -->","yoast_head_json":{"title":"Politique de confidentialit\u00e9 - Juman Dead Sea","robots":{"index":"index","follow":"follow","max-snippet":"max-snippet:-1","max-image-preview":"max-image-preview:large","max-video-preview":"max-video-preview:-1"},"canonical":"https:\/\/jumandeadsea.com\/fr\/politique-de-confidentialite\/","og_locale":"fr_FR","og_type":"article","og_title":"Politique de confidentialit\u00e9 - Juman Dead Sea","og_description":"Politique de confidentialit\u00e9Juman Pharmaceutical and Cosmetics Factory respecte votre vie priv\u00e9e, c'est pourquoi notre site web est prot\u00e9g\u00e9 par les technologies les plus r\u00e9centes afin de garantir la confidentialit\u00e9 et la s\u00e9curit\u00e9 de vos informations personnelles et de vos informations de paiement. Vos informations personnelles sont recueillies, contr\u00f4l\u00e9es et trait\u00e9es par notre service commercial conform\u00e9ment [&hellip;]","og_url":"https:\/\/jumandeadsea.com\/fr\/politique-de-confidentialite\/","og_site_name":"Juman Dead Sea","article_modified_time":"2025-04-05T19:52:37+00:00","twitter_card":"summary_large_image","twitter_misc":{"Dur\u00e9e de lecture estim\u00e9e":"9 minutes"},"schema":{"@context":"https:\/\/schema.org","@graph":[{"@type":"WebPage","@id":"https:\/\/jumandeadsea.com\/fr\/politique-de-confidentialite\/","url":"https:\/\/jumandeadsea.com\/fr\/politique-de-confidentialite\/","name":"Politique de confidentialit\u00e9 - Juman Dead Sea","isPartOf":{"@id":"https:\/\/jumandeadsea.com\/fr\/#website"},"primaryImageOfPage":{"@id":"https:\/\/jumandeadsea.com\/fr\/politique-de-confidentialite\/#primaryimage"},"image":{"@id":"https:\/\/jumandeadsea.com\/fr\/politique-de-confidentialite\/#primaryimage"},"thumbnailUrl":"https:\/\/jumandeadsea.com\/wp-content\/uploads\/34-1-scaled.jpg","datePublished":"2024-12-16T20:42:14+00:00","dateModified":"2025-04-05T19:52:37+00:00","breadcrumb":{"@id":"https:\/\/jumandeadsea.com\/fr\/politique-de-confidentialite\/#breadcrumb"},"inLanguage":"fr-FR","potentialAction":[{"@type":"ReadAction","target":["https:\/\/jumandeadsea.com\/fr\/politique-de-confidentialite\/"]}]},{"@type":"ImageObject","inLanguage":"fr-FR","@id":"https:\/\/jumandeadsea.com\/fr\/politique-de-confidentialite\/#primaryimage","url":"https:\/\/jumandeadsea.com\/wp-content\/uploads\/34-1-scaled.jpg","contentUrl":"https:\/\/jumandeadsea.com\/wp-content\/uploads\/34-1-scaled.jpg","width":2560,"height":1707,"caption":"Unwind in nature while nourishing your curls with Juman Dead Sea\u2019s curly hair care set\u2014shampoo, conditioner, and leave-in treatment enriched with minerals."},{"@type":"BreadcrumbList","@id":"https:\/\/jumandeadsea.com\/fr\/politique-de-confidentialite\/#breadcrumb","itemListElement":[{"@type":"ListItem","position":1,"name":"Home","item":"https:\/\/jumandeadsea.com\/fr\/"},{"@type":"ListItem","position":2,"name":"Politique de confidentialit\u00e9"}]},{"@type":"WebSite","@id":"https:\/\/jumandeadsea.com\/fr\/#website","url":"https:\/\/jumandeadsea.com\/fr\/","name":"Juman Dead Sea","description":"Authentic Dead Sea Mineral Skincare for Sensitive, Healthy Skin","potentialAction":[{"@type":"SearchAction","target":{"@type":"EntryPoint","urlTemplate":"https:\/\/jumandeadsea.com\/fr\/?s={search_term_string}"},"query-input":{"@type":"PropertyValueSpecification","valueRequired":true,"valueName":"search_term_string"}}],"inLanguage":"fr-FR"}]}},"_links":{"self":[{"href":"https:\/\/jumandeadsea.com\/fr\/wp-json\/wp\/v2\/pages\/324901","targetHints":{"allow":["GET"]}}],"collection":[{"href":"https:\/\/jumandeadsea.com\/fr\/wp-json\/wp\/v2\/pages"}],"about":[{"href":"https:\/\/jumandeadsea.com\/fr\/wp-json\/wp\/v2\/types\/page"}],"author":[{"embeddable":true,"href":"https:\/\/jumandeadsea.com\/fr\/wp-json\/wp\/v2\/users\/3"}],"replies":[{"embeddable":true,"href":"https:\/\/jumandeadsea.com\/fr\/wp-json\/wp\/v2\/comments?post=324901"}],"version-history":[{"count":4,"href":"https:\/\/jumandeadsea.com\/fr\/wp-json\/wp\/v2\/pages\/324901\/revisions"}],"predecessor-version":[{"id":327141,"href":"https:\/\/jumandeadsea.com\/fr\/wp-json\/wp\/v2\/pages\/324901\/revisions\/327141"}],"wp:featuredmedia":[{"embeddable":true,"href":"https:\/\/jumandeadsea.com\/fr\/wp-json\/wp\/v2\/media\/327584"}],"wp:attachment":[{"href":"https:\/\/jumandeadsea.com\/fr\/wp-json\/wp\/v2\/media?parent=324901"}],"curies":[{"name":"wp","href":"https:\/\/api.w.org\/{rel}","templated":true}]}}